{"id":58,"date":"2009-06-29T19:16:24","date_gmt":"2009-06-29T17:16:24","guid":{"rendered":"http:\/\/c-boehling.de\/kangenwasser\/?page_id=58"},"modified":"2014-02-20T14:44:07","modified_gmt":"2014-02-20T12:44:07","slug":"vorzuege-von-stark-saurem-elektrolytischem-wasser-ph-unter-3-nicht-zum-trinken-geeignet","status":"publish","type":"page","link":"https:\/\/c-boehling.de\/kangenwasser\/wasserqualitaten\/elektrolyse\/vorzuege-von-stark-saurem-elektrolytischem-wasser-ph-unter-3-nicht-zum-trinken-geeignet\/","title":{"rendered":"Vorz\u00fcge von stark-saurem elektrolytischem Wasser (pH unter 2,7 &#8211; nicht zum Trinken geeignet!)"},"content":{"rendered":"<p style=\"margin: 0.0px 0.0px 3.0px 0.0px; line-height: 18.0px; font: 12.0px Trebuchet MS; color: #db2d3c;\">Aus einer Infoschrift der Fa. Enagic &#8211; Hersteller des Kangenwasser Ger\u00e4tes:<\/p>\n<ul style=\"list-style-type: disc;\">\n<li style=\"margin: 0.0px 0.0px 0.0px 0.0px; line-height: 18.0px; font: 12.0px Trebuchet MS; color: #2d2dff;\"><strong>Reinigung und Desinfektion<\/strong> &#8230; Stark-saures Wasser wurde im Juni 2002 unter der Bezeichnung &#8222;hypochlorsaures Wasser&#8220; zum Desinfizieren von Lebensmittelprodukten nach dem japanischen Gesetz zur Lebensmittelhygiene zugelassen. Es wird heute f\u00fcr eine breite Pallette an Anwendungen verwendet, darunter auch die Reinigung und Desinfektion von Lebensmitteln und Kocheinrichtungen.<\/li>\n<li style=\"margin: 0.0px 0.0px 0.0px 0.0px; line-height: 18.0px; font: 12.0px Trebuchet MS; min-height: 14.0px;\">\n<ol style=\"list-style-type: decimal;\">\n<li style=\"margin: 0.0px 0.0px 0.0px 0.0px; line-height: 18.0px; font: 12.0px Trebuchet MS; color: #2d2dff;\"><strong>Zum Reinigen von Lebensmitteln<\/strong>Beim Reinigen mit stark-saurem elektrolytischem Wasser ist wichtig, da\u00df die Reinigung mit flie\u00dfendem Wasser erfolgt, da das verf\u00fcgbare Chlor relativ schnell seine Wirksamtkeit verliert. Bei Verwendung eines Beckens ist kontinuierliche Desinfektion gesichert, wenn man das Wasser aus dem Becken \u00fcberlaufen l\u00e4\u00dft. Begrenzen Sie die Verwendung von <a title=\"extrem basisches Wasser\" href=\"http:\/\/c-boehling.de\/kangenwasser\/wasserqualitaten\/elektrolyse\/vorzuege-von-starkem-kangenwasser-ph-ueber-11\/\" target=\"_self\"><span style=\"color: #000000;\"><strong>stark elektrolytischem Kangenwasser<\/strong><\/span><\/a> auf eine kurze Zeitspanne.<span style=\"color: #000000;\"> <\/span><\/li>\n<li style=\"margin: 0.0px 0.0px 0.0px 0.0px; line-height: 18.0px; font: 12.0px Trebuchet MS; color: #2d2dff;\"><strong>Zum Desinfizieren von Utensilien, Abwascht\u00fcchern, Handt\u00fcchern und Beh\u00e4ltern<\/strong>Verwenden Sie es zum Waschen ein f\u00fcr die jeweilige Verwendungsart des Geschirrs oder Bestecks geeignete separate Utensilien. Danach absp\u00fclen und gr\u00fcndlich trocknen lassen.<span style=\"color: #000000;\"> <\/span><\/li>\n<li style=\"margin: 0.0px 0.0px 0.0px 0.0px; line-height: 18.0px; font: 12.0px Trebuchet MS; color: #2d2dff;\"><strong>H\u00e4ndewaschen vor dem Kochen ist ein wichtiger Aspekt der Lebensmittelhygiene<\/strong>Waschen Sie sich gr\u00fcndlich die H\u00e4nde, und sp\u00fclen Sie sie dann zur Desinfektion mit stark-saurem elektrolytischem Wasser ab.<span style=\"color: #000000;\"> <\/span><\/li>\n<li style=\"margin: 0.0px 0.0px 0.0px 0.0px; line-height: 18.0px; font: 12.0px Trebuchet MS; color: #1a42ff;\"><span style=\"color: #2d2dff;\"><strong>Abwaschen von Metallobjekten<\/strong><\/span>Bei rostanf\u00e4lligen Metallutensilien wie Messern kann Korrosion auftreten, wenn sie mit stark-saurem Wasser abgewaschen werden. Sp\u00fclen Sie Metallutensilien mit Leitungswasser ab, oder trocknen Sie sie mit einem Tuch ab, um ihre Lebensdauer zu verl\u00e4ngern. Bei Langzeit-Verwendung sch\u00fctzen Sie bitte die Sp\u00fcle und Ablaufrohre vor Korrosion, indem Sie gleichzeitig Leitungswasser flie\u00dfen lassen.<span style=\"color: #2d2dff;\"> <\/span><\/li>\n<li style=\"margin: 0.0px 0.0px 0.0px 0.0px; line-height: 18.0px; font: 12.0px Trebuchet MS; color: #2d2dff;\"><strong>Befolgen Sie bei der Erzeugung von stark-saurem elektrolytischem Wasser die nachstehende Anleitung beim Messen der verf\u00fcgbaren Chlorkonzentration. Benutzen Sie dazu ein Reagenz!<\/strong>\n<ol style=\"list-style-type: decimal;\">\n<li style=\"margin: 0.0px 0.0px 0.0px 0.0px; line-height: 18.0px; font: 12.0px Trebuchet MS; color: #2d2dff;\">Vergewissern Sie sich, da\u00df die Einheit einwandfrei funktioniert<\/li>\n<li style=\"margin: 0.0px 0.0px 0.0px 0.0px; line-height: 18.0px; font: 12.0px Trebuchet MS; color: #2d2dff;\">Reinigen Sie die Einheit vorab unter flie\u00dfendem Wasser von etwaigen Verschmutzungen, und s\u00e4ubern Sie sie dann im Interesse bestm\u00f6glicher Resultate mit <span style=\"color: #000000;\"><strong><a title=\"extrem basisches Wasser\" href=\"http:\/\/c-boehling.de\/kangenwasser\/wasserqualitaten\/elektrolyse\/vorzuege-von-starkem-kangenwasser-ph-ueber-11\/\" target=\"_self\"><span style=\"color: #000000;\"><strong>starkem elektrolytischem Kangenwasser<\/strong><\/span><\/a><\/strong><\/span>.<\/li>\n<li style=\"margin: 0.0px 0.0px 0.0px 0.0px; line-height: 18.0px; font: 12.0px Trebuchet MS; color: #2d2dff;\">Lassen Sie das stark-saure elektrolytische Wasser zum Reinigen und Desinfizieren laufen.<\/li>\n<li style=\"margin: 0.0px 0.0px 0.0px 0.0px; line-height: 18.0px; font: 12.0px Trebuchet MS; color: #2d2dff;\">Sch\u00fctteln Sie die Wassertropfen ab, und lassen Sie die Einheit trocknen.<\/li>\n<li style=\"margin: 0.0px 0.0px 0.0px 0.0px; line-height: 18.0px; font: 12.0px Trebuchet MS; color: #2d2dff;\">Lagern Sie die Einheit an einem hygienisch einwandfreien Ort.<\/li>\n<\/ol>\n<\/li>\n<\/ol>\n<\/li>\n<\/ul>\n<p style=\"margin: 0.0px 0.0px 0.0px 0.0px; line-height: 18.0px; font: 12.0px Trebuchet MS; color: #2d2dff;\"><strong>\u00dcber stark-saures elektrolytisches Wasser<\/strong><\/p>\n<p style=\"margin: 0.0px 0.0px 0.0px 0.0px; line-height: 18.0px; font: 12.0px Trebuchet MS; color: #1a42ff;\"><span style=\"color: #2d2dff;\">Stark-saures Wasser<\/span> ist elektrolytisches Wasser mit elektrolytischem Potential, das Hypochlors\u00e4ure enth\u00e4lt, die bei der Elektrolyse auf der Anodenseite generiert wird. Es wird durch Zugeben eines Elektrolyse-Verst\u00e4rkers (Salzwasser) zum Leitungswasser erzeugt und ist keine Chemikalie. Bei pH-Werten unter 2,7 betr\u00e4gt das Redox-Potential im Allgemeinen \u00fcber +1.100 mV.<\/p>\n<ul style=\"list-style-type: disc;\">\n<li style=\"margin: 0.0px 0.0px 0.0px 0.0px; line-height: 18.0px; font: 12.0px Trebuchet MS; color: #2d2dff;\">In der Lebensmittelindustrie werden stark-saurem Wasser ausgezeichnete Desinfektionswirkungen zugeschrieben, und es kann als Ersatz f\u00fcr Alkohol und Natriumhypochlorid herangezogen werden.<\/li>\n<li style=\"margin: 0.0px 0.0px 0.0px 0.0px; line-height: 18.0px; font: 12.0px Trebuchet MS; color: #2d2dff;\">Im Bereich der Gesundheitsf\u00fcrsorge wird das Wasser zur Vorbeugung gegen die Verbreitung von Infektionen, zum Desinfizieren von medizinischen Ger\u00e4ten, f\u00fcr allgemeine Reinigungszwecke und zum H\u00e4ndewaschen verwendet.<\/li>\n<li style=\"margin: 0.0px 0.0px 0.0px 0.0px; line-height: 18.0px; font: 12.0px Trebuchet MS; color: #2d2dff;\">In der Landwirtschaft findet das Wasser starke Beachtung f\u00fcr seine Rolle bei der Reduzierung des Einsatzes von agrarchemischen Mitteln.<\/li>\n<\/ul>\n<p>\n\t<strong>Ausf&uuml;hrliche Informationen zum Kangenwasserger&auml;t erhalten Sie auf Wunsch umgehend per eMail.<\/strong>\n<\/p>\n<p>\n\t<span style=\"font-size:14px;\">Bitte schauen Sie sich dazu das folgende <a href=\"http:\/\/c-boehling.de\/kangenwasser\/wasser-report\/\" target=\"_blank\"><strong>Video<\/strong><\/a> an und laden sich anschlie&szlig;end meinen aktuellen Kangenwasser-Report auf Ihren Rechner &#8211; kostenlos.<\/span>\n<\/p>\n<p>\n\t&nbsp;<\/p>\n","protected":false},"excerpt":{"rendered":"<p>Aus einer Infoschrift der Fa. Enagic &#8211; Hersteller des Kangenwasser Ger\u00e4tes: Reinigung und Desinfektion &#8230; Stark-saures Wasser wurde im Juni 2002 unter der Bezeichnung &#8222;hypochlorsaures Wasser&#8220; zum Desinfizieren von Lebensmittelprodukten nach dem japanischen Gesetz zur Lebensmittelhygiene zugelassen. Es wird heute f\u00fcr eine breite Pallette an Anwendungen verwendet, darunter auch die Reinigung und Desinfektion von Lebensmitteln [&hellip;]<\/p>\n","protected":false},"author":1,"featured_media":0,"parent":52,"menu_order":4,"comment_status":"closed","ping_status":"open","template":"","meta":{"jetpack_post_was_ever_published":false,"footnotes":""},"class_list":["post-58","page","type-page","status-publish","hentry"],"aioseo_notices":[],"jetpack_sharing_enabled":true,"_links":{"self":[{"href":"https:\/\/c-boehling.de\/kangenwasser\/wp-json\/wp\/v2\/pages\/58","targetHints":{"allow":["GET"]}}],"collection":[{"href":"https:\/\/c-boehling.de\/kangenwasser\/wp-json\/wp\/v2\/pages"}],"about":[{"href":"https:\/\/c-boehling.de\/kangenwasser\/wp-json\/wp\/v2\/types\/page"}],"author":[{"embeddable":true,"href":"https:\/\/c-boehling.de\/kangenwasser\/wp-json\/wp\/v2\/users\/1"}],"replies":[{"embeddable":true,"href":"https:\/\/c-boehling.de\/kangenwasser\/wp-json\/wp\/v2\/comments?post=58"}],"version-history":[{"count":9,"href":"https:\/\/c-boehling.de\/kangenwasser\/wp-json\/wp\/v2\/pages\/58\/revisions"}],"predecessor-version":[{"id":4902,"href":"https:\/\/c-boehling.de\/kangenwasser\/wp-json\/wp\/v2\/pages\/58\/revisions\/4902"}],"up":[{"embeddable":true,"href":"https:\/\/c-boehling.de\/kangenwasser\/wp-json\/wp\/v2\/pages\/52"}],"wp:attachment":[{"href":"https:\/\/c-boehling.de\/kangenwasser\/wp-json\/wp\/v2\/media?parent=58"}],"curies":[{"name":"wp","href":"https:\/\/api.w.org\/{rel}","templated":true}]}}