{"id":56,"date":"2009-06-29T19:12:57","date_gmt":"2009-06-29T17:12:57","guid":{"rendered":"http:\/\/c-boehling.de\/kangenwasser\/?page_id=56"},"modified":"2014-02-20T14:46:16","modified_gmt":"2014-02-20T12:46:16","slug":"vorzuege-von-saurem-elektrolytischem-wasser-ph-4-6","status":"publish","type":"page","link":"https:\/\/c-boehling.de\/kangenwasser\/wasserqualitaten\/elektrolyse\/vorzuege-von-saurem-elektrolytischem-wasser-ph-4-6\/","title":{"rendered":"Vorz\u00fcge von saurem elektrolytischem Wasser (pH 4,0 &#8211; 6,5)"},"content":{"rendered":"<p style=\"margin: 0.0px 0.0px 3.0px 0.0px; line-height: 18.0px; font: 12.0px Trebuchet MS; color: #db2d3c;\">Aus einer Infoschrift der Fa. Enagic &#8211; Hersteller des Kangenwasser Ger\u00e4tes:<\/p>\n<ul style=\"list-style-type: disc;\">\n<li style=\"margin: 0.0px 0.0px 0.0px 0.0px; line-height: 18.0px; font: 12.0px Trebuchet MS; color: #2d2dff;\"><strong>Adstringierende (zusammenziehende) Wirkung<\/strong> &#8230; Wirkt festigend<\/li>\n<li style=\"margin: 0.0px 0.0px 0.0px 0.0px; line-height: 18.0px; font: 12.0px Trebuchet MS; color: #2d2dff;\"><strong>Reinigung<\/strong> &#8230; Zum Reinigen verschiedener Objekte<\/li>\n<li style=\"margin: 0.0px 0.0px 0.0px 0.0px; line-height: 18.0px; font: 12.0px Trebuchet MS;\">\n<ol style=\"list-style-type: decimal;\">\n<li style=\"margin: 0.0px 0.0px 0.0px 0.0px; line-height: 18.0px; font: 12.0px Trebuchet MS; color: #2d2dff;\"><strong>Kochen von Teigwaren<\/strong>Verleiht gekochten Nudeln u.s.w. eine &#8222;AlDente&#8220;-Konsistenz. Zum Kochen von dickeren Nudelsorten verwenden Sie bitte Kangenwasser.<span style=\"color: #000000;\"><br \/>\n<\/span><\/li>\n<li style=\"margin: 0.0px 0.0px 0.0px 0.0px; line-height: 18.0px; font: 12.0px Trebuchet MS; color: #2d2dff;\"><strong>Kochen von Erbsen und Bohnen<\/strong>Verschiedene H\u00fclsenfruchtsorten wie kidneybohnen und Erbsen lassen sich perfekt kochen. Da saures Wasser die Garzeit verk\u00fcrzt, ist darauf zu achten, die H\u00fclsenfr\u00fcchte nicht zu \u00fcberkochen.<span style=\"color: #000000;\"><br \/>\n<\/span><\/li>\n<li style=\"margin: 0.0px 0.0px 0.0px 0.0px; line-height: 18.0px; font: 12.0px Trebuchet MS; color: #2d2dff;\"><strong>Waschen und Zubereiten von Anthozyanin-haltigen Fr\u00fcchten und Gem\u00fcsen<\/strong>Die intensiven Farben von verschiedenen Fr\u00fcchten und Gem\u00fcsen wie Kirschen, Pflaumen, Trauben, Erdbeeren, Rotkohl, Aubergien, Sojabohnen, Spargel usw. bleiben unver\u00e4ndert, wenn sie mit diesem Wasser gewaschen und zubereitet werden.<span style=\"color: #000000;\"><br \/>\n<\/span><\/li>\n<li style=\"margin: 0.0px 0.0px 0.0px 0.0px; line-height: 18.0px; font: 12.0px Trebuchet MS; color: #1a42ff;\"><span style=\"color: #2d2dff;\"><strong>Im Ausbackteig zum Frittieren<\/strong><\/span>Der Teig wird sch\u00f6n und knusprig ausgebacken und wird nicht \u00f6lig, sondern bleibt knusprig, auch wenn das Gargut l\u00e4ngere Zeit stehen gelassen wird.<\/li>\n<li style=\"margin: 0.0px 0.0px 0.0px 0.0px; line-height: 18.0px; font: 12.0px Trebuchet MS; color: #2d2dff;\"><strong>Zum Eierkochen<\/strong><span style=\"color: #000000;\"><br \/>\n<\/span>Auch wenn beim Kochen die Schale platzt, tritt das Eigelb nicht in das Wasser aus. Sie werden auch feststellen, da\u00df die Eierschalen sich sehr leicht entfernen lassen.<\/li>\n<li style=\"margin: 0.0px 0.0px 0.0px 0.0px; line-height: 18.0px; font: 12.0px Trebuchet MS; color: #2d2dff;\"><strong>Beim Einfrieren von Lebensmitteln. <\/strong><span style=\"color: #000000;\"> <\/span>Bespr\u00fchen Sie das Lebensmittel, darunter auch Fisch und Shrimps, vor dem Einfrieren mit saurem Wasser, damit beim Auftauen der Geschmack nicht leidet.<\/li>\n<li style=\"margin: 0.0px 0.0px 0.0px 0.0px; line-height: 18.0px; font: 12.0px Trebuchet MS; color: #2d2dff;\"><strong>Zum Entfernen von Tannin aus Teetassen sowie zum Reinigen angebrannter T\u00f6pfe und Pfannen<\/strong><span style=\"color: #000000;\"><br \/>\n<\/span>Einweichen \u00fcber 24 Std. erleichtert das Entfernen von Flecken, Ru\u00df und Fett.<\/li>\n<li style=\"margin: 0.0px 0.0px 0.0px 0.0px; line-height: 18.0px; font: 12.0px Trebuchet MS; color: #2d2dff;\"><strong>Zum Geschirrsp\u00fclen<\/strong><span style=\"color: #000000;\"><br \/>\n<\/span>Geschirr und Gl\u00e4ser werden funkelnd sauber<\/li>\n<li style=\"margin: 0.0px 0.0px 0.0px 0.0px; line-height: 18.0px; font: 12.0px Trebuchet MS; color: #1a42ff;\"><span style=\"color: #2d2dff;\"><strong>Zum Polieren<\/strong><\/span>Zum Polieren von Spiegeln, Brillen, Glasartikeln und Fenstern sowie auch zum Sch\u00e4rfen von Messern.<span style=\"color: #2d2dff;\"> <\/span><\/li>\n<li style=\"margin: 0.0px 0.0px 0.0px 0.0px; line-height: 18.0px; font: 12.0px Trebuchet MS; color: #1a42ff;\"><span style=\"color: #2d2dff;\"><strong>Hausputz<br \/>\n<\/strong><\/span>Zum Reinigen von Parkettb\u00f6den, Keramikfliesen usw. ohne klebrige Spuren zu hnterlassen<span style=\"color: #2d2dff;\"><br \/>\n<\/span><\/li>\n<li style=\"margin: 0.0px 0.0px 0.0px 0.0px; line-height: 18.0px; font: 12.0px Trebuchet MS; color: #1a42ff;\"><span style=\"color: #2d2dff;\"><strong>Ins Badewasser geben<\/strong><\/span>Geben Sie dem Badewasser saures Wasser hinzu, um die Wanne frei von Schmutzr\u00e4ndern zu halten. Das Baden in saurem Wasser durchw\u00e4rmt den K\u00f6rper und sorgt f\u00fcr eine sch\u00f6ne Haut.<span style=\"color: #2d2dff;\"><br \/>\n<\/span><\/li>\n<li style=\"margin: 0.0px 0.0px 0.0px 0.0px; line-height: 18.0px; font: 12.0px Trebuchet MS; color: #1a42ff;\"><span style=\"color: #2d2dff;\"><strong>F\u00fcr die Gesichtsw\u00e4sche<\/strong><\/span>Die adstringierende Wirkung tr\u00e4gt effektiv zur St\u00e4rkung und Festigung der haut bei. Betupfen Sie Ihr Gesicht und lassen es trocknen. Auch hervorragend als Tonikum nach der Rasur geeignet.<\/li>\n<li style=\"margin: 0.0px 0.0px 0.0px 0.0px; line-height: 18.0px; font: 12.0px Trebuchet MS; color: #1a42ff;\"><span style=\"color: #2d2dff;\"><strong>Haarpflege<\/strong><\/span>Verwenden Sie saures Wasser anstelle eines Haarsp\u00fclmittels nach dem Shampoonieren. Das Wasser reduziert l\u00e4stige Verfilzungen und l\u00e4\u00dft die Haare strahlend gl\u00e4nzen.<\/li>\n<li style=\"margin: 0.0px 0.0px 0.0px 0.0px; line-height: 18.0px; font: 12.0px Trebuchet MS; color: #1a42ff;\"><span style=\"color: #2d2dff;\"><strong>Im Sp\u00fclzyklus der Waschmaschine verwenden<\/strong><\/span>Durch Tr\u00e4nken in saurem Wasser vor dem Schleudern wird die Kleidung weicher.<\/li>\n<li style=\"margin: 0.0px 0.0px 0.0px 0.0px; line-height: 18.0px; font: 12.0px Trebuchet MS; color: #1a42ff;\"><span style=\"color: #2d2dff;\"><strong>Haustierpflege<\/strong><\/span>Hervorragend zum Striegeln von Tieren. Das B\u00fcrsten mit saurem Wasser macht das Fell weich und schimmernd<\/li>\n<\/ol>\n<p>\n\t<strong>Ausf&uuml;hrliche Informationen zum Kangenwasserger&auml;t erhalten Sie auf Wunsch umgehend per eMail.<\/strong>\n<\/p>\n<p>\n\t<span style=\"font-size:14px;\">Bitte schauen Sie sich dazu das folgende <a href=\"http:\/\/c-boehling.de\/kangenwasser\/wasser-report\/\" target=\"_blank\"><strong>Video<\/strong><\/a> an und laden sich anschlie&szlig;end meinen aktuellen Kangenwasser-Report auf Ihren Rechner &#8211; kostenlos.<\/span>\n<\/p>\n<p>\n\t&nbsp;\n<\/p>\n<\/li>\n<\/ul>\n","protected":false},"excerpt":{"rendered":"<p>Aus einer Infoschrift der Fa. Enagic &#8211; Hersteller des Kangenwasser Ger\u00e4tes: Adstringierende (zusammenziehende) Wirkung &#8230; Wirkt festigend Reinigung &#8230; Zum Reinigen verschiedener Objekte Kochen von TeigwarenVerleiht gekochten Nudeln u.s.w. eine &#8222;AlDente&#8220;-Konsistenz. Zum Kochen von dickeren Nudelsorten verwenden Sie bitte Kangenwasser. Kochen von Erbsen und BohnenVerschiedene H\u00fclsenfruchtsorten wie kidneybohnen und Erbsen lassen sich perfekt kochen. Da [&hellip;]<\/p>\n","protected":false},"author":1,"featured_media":0,"parent":52,"menu_order":2,"comment_status":"closed","ping_status":"open","template":"","meta":{"jetpack_post_was_ever_published":false,"footnotes":""},"class_list":["post-56","page","type-page","status-publish","hentry"],"aioseo_notices":[],"jetpack_sharing_enabled":true,"_links":{"self":[{"href":"https:\/\/c-boehling.de\/kangenwasser\/wp-json\/wp\/v2\/pages\/56","targetHints":{"allow":["GET"]}}],"collection":[{"href":"https:\/\/c-boehling.de\/kangenwasser\/wp-json\/wp\/v2\/pages"}],"about":[{"href":"https:\/\/c-boehling.de\/kangenwasser\/wp-json\/wp\/v2\/types\/page"}],"author":[{"embeddable":true,"href":"https:\/\/c-boehling.de\/kangenwasser\/wp-json\/wp\/v2\/users\/1"}],"replies":[{"embeddable":true,"href":"https:\/\/c-boehling.de\/kangenwasser\/wp-json\/wp\/v2\/comments?post=56"}],"version-history":[{"count":8,"href":"https:\/\/c-boehling.de\/kangenwasser\/wp-json\/wp\/v2\/pages\/56\/revisions"}],"predecessor-version":[{"id":4904,"href":"https:\/\/c-boehling.de\/kangenwasser\/wp-json\/wp\/v2\/pages\/56\/revisions\/4904"}],"up":[{"embeddable":true,"href":"https:\/\/c-boehling.de\/kangenwasser\/wp-json\/wp\/v2\/pages\/52"}],"wp:attachment":[{"href":"https:\/\/c-boehling.de\/kangenwasser\/wp-json\/wp\/v2\/media?parent=56"}],"curies":[{"name":"wp","href":"https:\/\/api.w.org\/{rel}","templated":true}]}}