{"id":5324,"date":"2017-07-18T09:56:09","date_gmt":"2017-07-18T07:56:09","guid":{"rendered":"http:\/\/c-boehling.de\/kangenwasser\/?page_id=5324"},"modified":"2020-07-03T13:38:39","modified_gmt":"2020-07-03T11:38:39","slug":"wasser-mit-erwuenschten-nebenwirkungen","status":"publish","type":"page","link":"https:\/\/c-boehling.de\/kangenwasser\/wasser-mit-erwuenschten-nebenwirkungen\/","title":{"rendered":"Wasser mit erw\u00fcnschten Nebenwirkungen"},"content":{"rendered":"<h4 data-offset-key=\"cd6nk-0-0\">Sehen Sie sich dieses 7-Minuten-Video unbedingt bis zum Schlu\u00df an<\/h4>\n<p><script src=\"https:\/\/fast.wistia.com\/assets\/external\/E-v1.js\" async><\/script><\/p>\n<div class=\"wistia_responsive_padding\" style=\"padding:56.25% 0 0 0;position:relative;\">\n<div class=\"wistia_responsive_wrapper\" style=\"height:100%;left:0;position:absolute;top:0;width:100%;\">\n<div class=\"wistia_embed wistia_async_r1ky5pds7k dnt=1 videoFoam=true\" style=\"height:100%;position:relative;width:100%\">\n<div class=\"wistia_swatch\" style=\"height:100%;left:0;opacity:0;overflow:hidden;position:absolute;top:0;transition:opacity 200ms;width:100%;\"><img decoding=\"async\" src=\"https:\/\/fast.wistia.com\/embed\/medias\/r1ky5pds7k\/swatch\" style=\"filter:blur(5px);height:100%;object-fit:contain;width:100%;\" alt=\"\" aria-hidden=\"true\" onload=\"this.parentNode.style.opacity=1;\" \/><\/div>\n<\/div>\n<\/div>\n<\/div>\n<div class='soc_one_half '>\n<div class=\"\" data-block=\"true\" data-editor=\"9mqii\" data-offset-key=\"cd6nk-0-0\">\n<div class=\"public-DraftStyleDefault-block public-DraftStyleDefault-ltr\" data-offset-key=\"cd6nk-0-0\"><span data-offset-key=\"cd6nk-0-0\">und lernen Sie in dem Online-Seminar &#8222;<em>Wasser mit Nebenwirkungen<\/em>&#8220; die <span style=\"color: #ff0000;\"><strong>3 wichtigsten Qualit\u00e4tsmerkmale von Wasser<\/strong><\/span> kennen, und welchen Einflu\u00df diese auf Ihre Gesundheit und Ihr Wohlbefinden haben.<\/span><\/div>\n<\/div>\n<div class=\"\" data-block=\"true\" data-editor=\"9mqii\" data-offset-key=\"4f1n0-0-0\">\n<div class=\"public-DraftStyleDefault-block public-DraftStyleDefault-ltr\" data-offset-key=\"4f1n0-0-0\"><span data-offset-key=\"4f1n0-0-0\">Wenn Sie diese drei Eigenschaften kennen und f\u00fcr sich nutzen, stehen Ihre Chancen gut, da\u00df Sie sich schon sehr bald und <span style=\"color: #ff0000;\"><strong>f\u00fcr den<\/strong><\/span><\/span><span data-offset-key=\"4f1n0-0-1\"><span style=\"color: #ff0000;\"><strong> Rest Ihres Lebens besser f\u00fchlen<\/strong><\/span> werden.<\/span><\/div>\n<\/div>\n<div class=\"\" data-block=\"true\" data-editor=\"9mqii\" data-offset-key=\"9e66d-0-0\">\n<div class=\"public-DraftStyleDefault-block public-DraftStyleDefault-ltr\" data-offset-key=\"9e66d-0-0\"><span data-offset-key=\"9e66d-0-0\">\u00a0<\/span><\/div>\n<\/div>\n<div class=\"\" data-block=\"true\" data-editor=\"9mqii\" data-offset-key=\"2a6jv-0-0\">\n<div class=\"public-DraftStyleDefault-block public-DraftStyleDefault-ltr\" data-offset-key=\"2a6jv-0-0\"><span data-offset-key=\"2a6jv-0-0\">Von f\u00fchrenden Experten &#8211; darunter sogar Pr\u00e4sidentenberater &#8211; empfohlen und bereits von Hunderttausenden Menschen auf der ganzen Welt teilweise seit \u00fcber 40 Jahren erfolgreich genutzt.<\/span><\/div>\n<\/div>\n<div class=\"\" data-block=\"true\" data-editor=\"9mqii\" data-offset-key=\"epgm-0-0\">\n<div class=\"public-DraftStyleDefault-block public-DraftStyleDefault-ltr\" data-offset-key=\"epgm-0-0\"><span data-offset-key=\"epgm-0-0\">\u00a0<\/span><\/div>\n<\/div>\n<h3 class=\"public-DraftStyleDefault-block public-DraftStyleDefault-ltr\" data-offset-key=\"5hgua-0-0\"><span data-offset-key=\"5hgua-0-0\">M\u00f6gliche Nebenwirkungen? <\/span><\/h3>\n<div class=\"\" data-block=\"true\" data-editor=\"9mqii\" data-offset-key=\"6a27h-0-0\">\n<div class=\"public-DraftStyleDefault-block public-DraftStyleDefault-ltr\" data-offset-key=\"6a27h-0-0\"><strong>Ja klar, und wie!<\/strong><\/div>\n<\/div>\n<ul class=\"public-DraftStyleDefault-ul\" data-offset-key=\"ccmoe-0-0\">\n<li class=\"public-DraftStyleDefault-unorderedListItem public-DraftStyleDefault-reset public-DraftStyleDefault-depth0 public-DraftStyleDefault-listLTR\" data-block=\"true\" data-editor=\"9mqii\" data-offset-key=\"ccmoe-0-0\">\n<div class=\"public-DraftStyleDefault-block public-DraftStyleDefault-ltr\" data-offset-key=\"ccmoe-0-0\"><span data-offset-key=\"ccmoe-0-0\">Nie wieder Wasserkisten schleppen<\/span><\/div>\n<\/li>\n<li class=\"public-DraftStyleDefault-unorderedListItem public-DraftStyleDefault-depth0 public-DraftStyleDefault-listLTR\" data-block=\"true\" data-editor=\"9mqii\" data-offset-key=\"25kfh-0-0\">\n<div class=\"public-DraftStyleDefault-block public-DraftStyleDefault-ltr\" data-offset-key=\"25kfh-0-0\"><span data-offset-key=\"25kfh-0-0\">Jahr f\u00fcr Jahr bares Geld sparen<\/span><\/div>\n<\/li>\n<li class=\"public-DraftStyleDefault-unorderedListItem public-DraftStyleDefault-depth0 public-DraftStyleDefault-listLTR\" data-block=\"true\" data-editor=\"9mqii\" data-offset-key=\"bsqs8-0-0\">\n<div class=\"public-DraftStyleDefault-block public-DraftStyleDefault-ltr\" data-offset-key=\"bsqs8-0-0\"><span data-offset-key=\"bsqs8-0-0\">Umwelt entlasten<\/span><\/div>\n<\/li>\n<li class=\"public-DraftStyleDefault-unorderedListItem public-DraftStyleDefault-depth0 public-DraftStyleDefault-listLTR\" data-block=\"true\" data-editor=\"9mqii\" data-offset-key=\"er6oc-0-0\">\n<div class=\"public-DraftStyleDefault-block public-DraftStyleDefault-ltr\" data-offset-key=\"er6oc-0-0\"><span data-offset-key=\"er6oc-0-0\">aktive Gesundheitsvorsorge f\u00fcr\u00b4s Alter<\/span><\/div>\n<\/li>\n<li class=\"public-DraftStyleDefault-unorderedListItem public-DraftStyleDefault-depth0 public-DraftStyleDefault-listLTR\" data-block=\"true\" data-editor=\"9mqii\" data-offset-key=\"1cgg2-0-0\">\n<div class=\"public-DraftStyleDefault-block public-DraftStyleDefault-ltr\" data-offset-key=\"1cgg2-0-0\"><span data-offset-key=\"1cgg2-0-0\">Gewichtsoptimierung<\/span><\/div>\n<\/li>\n<li class=\"public-DraftStyleDefault-unorderedListItem public-DraftStyleDefault-depth0 public-DraftStyleDefault-listLTR\" data-block=\"true\" data-editor=\"9mqii\" data-offset-key=\"afbsq-0-0\">\n<div class=\"public-DraftStyleDefault-block public-DraftStyleDefault-ltr\" data-offset-key=\"afbsq-0-0\"><span data-offset-key=\"afbsq-0-0\">j\u00fcngeres Hautbild<\/span><\/div>\n<\/li>\n<li class=\"public-DraftStyleDefault-unorderedListItem public-DraftStyleDefault-depth0 public-DraftStyleDefault-listLTR\" data-block=\"true\" data-editor=\"9mqii\" data-offset-key=\"8s1f2-0-0\">\n<div class=\"public-DraftStyleDefault-block public-DraftStyleDefault-ltr\" data-offset-key=\"8s1f2-0-0\"><span data-offset-key=\"8s1f2-0-0\">weniger Probleme mit Kopf- und R\u00fcckenschmerzen<\/span><\/div>\n<\/li>\n<li class=\"public-DraftStyleDefault-unorderedListItem public-DraftStyleDefault-depth0 public-DraftStyleDefault-listLTR\" data-block=\"true\" data-editor=\"9mqii\" data-offset-key=\"250np-0-0\">\n<div class=\"public-DraftStyleDefault-block public-DraftStyleDefault-ltr\" data-offset-key=\"250np-0-0\"><span data-offset-key=\"250np-0-0\">verbessertes Immunsystem<\/span><\/div>\n<\/li>\n<li class=\"public-DraftStyleDefault-unorderedListItem public-DraftStyleDefault-depth0 public-DraftStyleDefault-listLTR\" data-block=\"true\" data-editor=\"9mqii\" data-offset-key=\"p06s-0-0\">\n<div class=\"public-DraftStyleDefault-block public-DraftStyleDefault-ltr\" data-offset-key=\"p06s-0-0\"><span data-offset-key=\"p06s-0-0\">&#8230;<\/span><\/div>\n<\/li>\n<\/ul>\n<div class=\"\" data-block=\"true\" data-editor=\"9mqii\" data-offset-key=\"f3ptd-0-0\">\n<div class=\"public-DraftStyleDefault-block public-DraftStyleDefault-ltr\" data-offset-key=\"f3ptd-0-0\"><span data-offset-key=\"f3ptd-0-0\">um nur einige zu nennen.<\/span><\/div>\n<\/div>\n<p><\/div> <div class='soc_one_half soc_last'> <iframe style=\"border: 0; width: 100%; max-width: 450px; height: 800px;\" src=\"http:\/\/c-boehling.de\/kangenwasser\/?post_type=wefly&amp;p=5224&amp;webinar_page=widget\" width=\"300\" height=\"150\"><\/iframe> <\/div><div class='soc_clearboth'><\/div><\/p>\n","protected":false},"excerpt":{"rendered":"<p>Sehen Sie sich dieses 7-Minuten-Video unbedingt bis zum Schlu\u00df an<\/p>\n","protected":false},"author":1,"featured_media":0,"parent":0,"menu_order":0,"comment_status":"closed","ping_status":"closed","template":"template-landing.php","meta":{"jetpack_post_was_ever_published":false,"footnotes":""},"class_list":["post-5324","page","type-page","status-publish","hentry"],"aioseo_notices":[],"jetpack_sharing_enabled":true,"_links":{"self":[{"href":"https:\/\/c-boehling.de\/kangenwasser\/wp-json\/wp\/v2\/pages\/5324","targetHints":{"allow":["GET"]}}],"collection":[{"href":"https:\/\/c-boehling.de\/kangenwasser\/wp-json\/wp\/v2\/pages"}],"about":[{"href":"https:\/\/c-boehling.de\/kangenwasser\/wp-json\/wp\/v2\/types\/page"}],"author":[{"embeddable":true,"href":"https:\/\/c-boehling.de\/kangenwasser\/wp-json\/wp\/v2\/users\/1"}],"replies":[{"embeddable":true,"href":"https:\/\/c-boehling.de\/kangenwasser\/wp-json\/wp\/v2\/comments?post=5324"}],"version-history":[{"count":7,"href":"https:\/\/c-boehling.de\/kangenwasser\/wp-json\/wp\/v2\/pages\/5324\/revisions"}],"predecessor-version":[{"id":5621,"href":"https:\/\/c-boehling.de\/kangenwasser\/wp-json\/wp\/v2\/pages\/5324\/revisions\/5621"}],"wp:attachment":[{"href":"https:\/\/c-boehling.de\/kangenwasser\/wp-json\/wp\/v2\/media?parent=5324"}],"curies":[{"name":"wp","href":"https:\/\/api.w.org\/{rel}","templated":true}]}}