{"id":48,"date":"2009-06-29T18:14:28","date_gmt":"2009-06-29T16:14:28","guid":{"rendered":"http:\/\/c-boehling.de\/kangenwasser\/?page_id=48"},"modified":"2010-09-16T05:20:52","modified_gmt":"2010-09-16T03:20:52","slug":"gefiltertes-wasser","status":"publish","type":"page","link":"https:\/\/c-boehling.de\/kangenwasser\/wasserqualitaten\/gefiltertes-wasser\/","title":{"rendered":"Filtern"},"content":{"rendered":"<p>Verfolgt man den Weg des Wassers von der Quelle bis zur Entnahmestelle (Wasserhahn) im Privathaushalt, so wird schnell deutlich, warum es sinnvoll ist, sein Trinkwasser vor dem Verzehr zu filtern.<\/p>\n<h3>Interessant ist folgende Beobachtung:<\/h3>\n<p>Oftmals w\u00e4hlen Menschen ihr Wasser, das sie trinken, nach ganz besonderen Gesichtspunkten aus und sind bereit, daf\u00fcr auch richtig viel Geld auszugeben und die M\u00fche des Wasser-nach-Hause-Schleppens auf sich z u nehmen. \u00a0Ihre Gesundheit ist ihnen wichtig. Zum Kochen wird dann \u00fcberraschenderweise Leitungswasser verwendet.<\/p>\n<table style=\"text-align: left; width: 100%;\" border=\"0\" cellspacing=\"2\" cellpadding=\"2\">\n<tbody>\n<tr>\n<td><script type=\"text\/javascript\">\/\/ < ![CDATA[\n\/\/ < ![CDATA[\n google_ad_client = \"pub-0778880760885720\"; \/* 336x280, kangenwasser, blogpost, oben *\/ google_ad_slot = \"0963484716\"; google_ad_width = 336; google_ad_height = 280;\n\/\/ ]]><\/script><br \/>\n<script src=\"http:\/\/pagead2.googlesyndication.com\/pagead\/show_ads.js\" type=\"text\/javascript\">\n      <\/script><\/td>\n<td>Oftmals w\u00e4hlen Menschen ihr Wasser, das sie trinken, nach ganz besonderen Gesichtspunkten aus und sind bereit, daf\u00fcr auch richtig viel Geld auszugeben und die M\u00fche des Wasser-nach-Hause-Schleppens auf sich z u nehmen. Ihre Gesundheit ist ihnen wichtig. Zum Kochen wird dann \u00fcberraschenderweise Leitungswasser verwendet.<\/p>\n<p>Es ist hinl\u00e4nglich bekannt, da\u00df die Qualit\u00e4t unseres vielgepriesenen &#8222;best \u00fcberwachten<br \/>\nLebensmittels doch ganz sch\u00f6n schwankt, je nachdem, wo man lebt bzw. sich gerade aufh\u00e4lt, um Wasser zu zapfen.<\/p>\n<p>Aktivkohlefilter z.B. befreien das Wasser von einer ganzen Reihe von  Verunreinigungen und Giftstoffen, die durch Umwelteinfl\u00fcsse,  Aufbereitungsmethoden oder das Leitungssystem ins Wasser gelangen  k\u00f6nnen.<\/td>\n<\/tr>\n<\/tbody>\n<\/table>\n","protected":false},"excerpt":{"rendered":"<p>Verfolgt man den Weg des Wassers von der Quelle bis zur Entnahmestelle (Wasserhahn) im Privathaushalt, so wird schnell deutlich, warum es sinnvoll ist, sein Trinkwasser vor dem Verzehr zu filtern. Interessant ist folgende Beobachtung: Oftmals w\u00e4hlen Menschen ihr Wasser, das sie trinken, nach ganz besonderen Gesichtspunkten aus und sind bereit, daf\u00fcr auch richtig viel Geld [&hellip;]<\/p>\n","protected":false},"author":1,"featured_media":0,"parent":46,"menu_order":1,"comment_status":"closed","ping_status":"open","template":"","meta":{"jetpack_post_was_ever_published":false,"footnotes":""},"class_list":["post-48","page","type-page","status-publish","hentry"],"aioseo_notices":[],"jetpack_sharing_enabled":true,"_links":{"self":[{"href":"https:\/\/c-boehling.de\/kangenwasser\/wp-json\/wp\/v2\/pages\/48","targetHints":{"allow":["GET"]}}],"collection":[{"href":"https:\/\/c-boehling.de\/kangenwasser\/wp-json\/wp\/v2\/pages"}],"about":[{"href":"https:\/\/c-boehling.de\/kangenwasser\/wp-json\/wp\/v2\/types\/page"}],"author":[{"embeddable":true,"href":"https:\/\/c-boehling.de\/kangenwasser\/wp-json\/wp\/v2\/users\/1"}],"replies":[{"embeddable":true,"href":"https:\/\/c-boehling.de\/kangenwasser\/wp-json\/wp\/v2\/comments?post=48"}],"version-history":[{"count":9,"href":"https:\/\/c-boehling.de\/kangenwasser\/wp-json\/wp\/v2\/pages\/48\/revisions"}],"predecessor-version":[{"id":93,"href":"https:\/\/c-boehling.de\/kangenwasser\/wp-json\/wp\/v2\/pages\/48\/revisions\/93"}],"up":[{"embeddable":true,"href":"https:\/\/c-boehling.de\/kangenwasser\/wp-json\/wp\/v2\/pages\/46"}],"wp:attachment":[{"href":"https:\/\/c-boehling.de\/kangenwasser\/wp-json\/wp\/v2\/media?parent=48"}],"curies":[{"name":"wp","href":"https:\/\/api.w.org\/{rel}","templated":true}]}}