{"id":46,"date":"2009-06-29T18:12:58","date_gmt":"2009-06-29T16:12:58","guid":{"rendered":"http:\/\/c-boehling.de\/kangenwasser\/?page_id=46"},"modified":"2010-09-16T05:01:38","modified_gmt":"2010-09-16T03:01:38","slug":"wasserqualitaten","status":"publish","type":"page","link":"https:\/\/c-boehling.de\/kangenwasser\/wasserqualitaten\/","title":{"rendered":"Wasserbehandlung"},"content":{"rendered":"<h2>Wasser ist nicht gleich Wasser.<\/h2>\n<p>Diese Erkenntnis scheint sich \u00fcberraschenderweise noch nicht \u00fcberall durchgesetzt zu haben.<\/p>\n<p>Und es reicht auch nicht aus, einfach nur jeden Tag viel Wasser zu trinken. Es kommt ebenso auf die Qualit\u00e4t des Wassers an. Vielfach ist eine Wasserbehandlung sinnvoll.<\/p>\n<table style=\"text-align: left; width: 100%;\" border=\"0\" cellspacing=\"2\" cellpadding=\"2\">\n<tbody>\n<tr>\n<td><script type=\"text\/javascript\">\/\/ < ![CDATA[\n\/\/ < ![CDATA[\n\/\/ < ![CDATA[\n google_ad_client = \"pub-0778880760885720\"; \/* 336x280, kangenwasser, blogpost, oben *\/ google_ad_slot = \"0963484716\"; google_ad_width = 336; google_ad_height = 280;\n\/\/ ]]><\/script><br \/>\n<script src=\"http:\/\/pagead2.googlesyndication.com\/pagead\/show_ads.js\" type=\"text\/javascript\">\n      <\/script><\/td>\n<td>Darum gibt es unz\u00e4hlige Wasserfilter- und -entsalzungsanlagen, es gibt Ger\u00e4te, die durch sog. Umkehrosmose oder Destillation ann\u00e4hernd H2O produzieren, daneben gibt es Verwirbelungsapparate, die das Wasser levitieren, und es werden zunehmend immer mehr Wasser Ionisierer zur Aufbereitung eingesetzt.<\/p>\n<ul>\n<li>Was ist nun f\u00fcr unsere Gesundheit am sinnvollsten?<\/li>\n<li>Oder ist das Leitungswasser pur immer noch das Beste?<\/li>\n<li>Oder doch lieber Flaschenwasser mit \/ ohne Kohlens\u00e4ure?<\/li>\n<\/ul>\n<\/td>\n<\/tr>\n<\/tbody>\n<\/table>\n<h3><\/h3>\n<h3>Erstaunlich:<\/h3>\n<p>F\u00fcr viele Menschen ist es ganz selbstverst\u00e4ndlich, die Kaffeemaschine, den Wasserkocher oder die Waschmaschine vor Sch\u00e4den durch Wasser zu bewahren. Selbst das Dampfb\u00fcgeleisen bekommt ein Extra Wasser.<\/p>\n<p>Selten im Verh\u00e4ltnis dazu legen die Menschen gleich gro\u00dfen Wert auf die Qualit\u00e4t ihres Trinkwassers &#8211; egal ob aus der Leitung oder aus der Flasche. Vielfach herrscht der Glaube vor, Flaschenwasser sei grunds\u00e4tzlich besser als das ber\u00fchmte &#8222;Kranenburger&#8220;.<\/p>\n<h3>Wahrheit oder Werbeeffekt?<\/h3>\n<p>Schauen wir uns einmal verschiedene Wasseraufbereitungsarten an. Entscheiden Sie selbst, was Ihnen f\u00fcr Ihre Gesundheit am sinnvollsten erscheint.<\/p>\n<ul>\n<li>\n<h3><span style=\"color: #4100ff;\"><span style=\"font-size: 16px;\"><a title=\"Wasserfilter\" href=\"http:\/\/c-boehling.de\/kangenwasser\/wasserqualitaten\/gefiltertes-wasser\/\" target=\"_self\">Wasserfilter<\/a><\/span><\/span><\/h3>\n<\/li>\n<li>\n<h3><span style=\"color: #4100ff;\"><span style=\"font-size: 16px;\"><a title=\"Umkehrosmose und Destillation\" href=\"http:\/\/c-boehling.de\/kangenwasser\/wasserqualitaten\/destilliertes-wasser-umkehrosmose\/\" target=\"_self\">Umkehrosmose und Destillation<\/a><\/span><\/span><\/h3>\n<\/li>\n<li><span style=\"color: #4100ff;\"><span style=\"font-size: 16px;\"><a title=\"Elektrolyse\" href=\"http:\/\/c-boehling.de\/kangenwasser\/wasserqualitaten\/elektrolyse\/\" target=\"_self\"><strong>Elektrolyse<\/strong><\/a><\/span><\/span><\/li>\n<\/ul>\n","protected":false},"excerpt":{"rendered":"<p>Wasser ist nicht gleich Wasser. Diese Erkenntnis scheint sich \u00fcberraschenderweise noch nicht \u00fcberall durchgesetzt zu haben. Und es reicht auch nicht aus, einfach nur jeden Tag viel Wasser zu trinken. Es kommt ebenso auf die Qualit\u00e4t des Wassers an. Vielfach ist eine Wasserbehandlung sinnvoll. Darum gibt es unz\u00e4hlige Wasserfilter- und -entsalzungsanlagen, es gibt Ger\u00e4te, die [&hellip;]<\/p>\n","protected":false},"author":1,"featured_media":0,"parent":0,"menu_order":5,"comment_status":"closed","ping_status":"open","template":"","meta":{"jetpack_post_was_ever_published":false,"footnotes":""},"class_list":["post-46","page","type-page","status-publish","hentry"],"aioseo_notices":[],"jetpack_sharing_enabled":true,"_links":{"self":[{"href":"https:\/\/c-boehling.de\/kangenwasser\/wp-json\/wp\/v2\/pages\/46","targetHints":{"allow":["GET"]}}],"collection":[{"href":"https:\/\/c-boehling.de\/kangenwasser\/wp-json\/wp\/v2\/pages"}],"about":[{"href":"https:\/\/c-boehling.de\/kangenwasser\/wp-json\/wp\/v2\/types\/page"}],"author":[{"embeddable":true,"href":"https:\/\/c-boehling.de\/kangenwasser\/wp-json\/wp\/v2\/users\/1"}],"replies":[{"embeddable":true,"href":"https:\/\/c-boehling.de\/kangenwasser\/wp-json\/wp\/v2\/comments?post=46"}],"version-history":[{"count":11,"href":"https:\/\/c-boehling.de\/kangenwasser\/wp-json\/wp\/v2\/pages\/46\/revisions"}],"predecessor-version":[{"id":84,"href":"https:\/\/c-boehling.de\/kangenwasser\/wp-json\/wp\/v2\/pages\/46\/revisions\/84"}],"wp:attachment":[{"href":"https:\/\/c-boehling.de\/kangenwasser\/wp-json\/wp\/v2\/media?parent=46"}],"curies":[{"name":"wp","href":"https:\/\/api.w.org\/{rel}","templated":true}]}}