{"id":4492,"date":"2013-04-06T01:13:37","date_gmt":"2013-04-05T23:13:37","guid":{"rendered":"http:\/\/c-boehling.de\/kangenwasser\/?page_id=4492"},"modified":"2013-05-05T13:33:23","modified_gmt":"2013-05-05T11:33:23","slug":"kommentare","status":"publish","type":"page","link":"https:\/\/c-boehling.de\/kangenwasser\/kommentare\/","title":{"rendered":"Kommentare"},"content":{"rendered":"<h2>Ich bin gespannt auf Ihre Kommentare<\/h2>\n<h3>Was wissen Sie \u00fcber Kangenwasser?<\/h3>\n<p>\u00dcber Kangenwasser gibt es viel zu erz\u00e4hlen.<\/p>\n<p>Theorie ist wichtig zum besseren Verst\u00e4ndnis dessen, was passieren kann, wenn Sie beginnen, regelm\u00e4\u00dfig Kangenwasser zu trinken.<\/p>\n<p>Am Ende jedoch z\u00e4hlt die praktische Erfahrung, und die bekommen Sie nur, wenn Sie Kangenwasser trinken.<\/p>\n<p>Viele Kunden beginnen, mit Kangenwasser zu experimentieren und sammeln dabei wertvolle, zum Teil auch erstaunliche Erkenntnisse. Wenn Sie etwas von Ihren Erfahrungen mit Kangenwasser mitteilen m\u00f6chten, haben Sie hier einen geeigneten Ort gefunden.<\/p>\n<p>So freue ich mich \u00fcber Ihre Erfahrungsberichte.<\/p>\n<h3>Was haben Sie erlebt oder beobachtet, seitdem Sie Kangenwasser trinken?<\/h3>\n<p>Nutzen Sie das Kommentarformular und teilen der Welt mit,<\/p>\n<p>[list style=&#8220;17&#8243;]<\/p>\n<ul>\n<li>warum Sie gern Kangenwasser trinken&#8230;<\/li>\n<li>wie Sie Kangenwasser kennengelernt haben&#8230;<\/li>\n<li>was Ihre Beweggr\u00fcnde waren,\u00a0sich f\u00fcr Kangenwasser zu entscheiden&#8230;<\/li>\n<li>was Ihnen an dem Gesch\u00e4ftsmodell von Enagic gef\u00e4llt&#8230;<\/li>\n<li>&#8230;<\/li>\n<\/ul>\n<p><span style=\"font-size: 13px; line-height: 19px;\">[\/list]<\/span><\/p>\n<h3>Bevor Sie jetzt gleich loslegen, habe ich noch eine kleine Anekdote f\u00fcr Sie:<\/h3>\n<blockquote>\n<h4>Die Geschichte von den 3 Pr\u00fcfungen<\/h4>\n<p><span style=\"color: #161618; font-family: 'lucida grande', Verdana, sans-serif; font-size: 12px; line-height: 16px; background-color: #f4f4f4;\">Sokrates, der ber\u00fchmte griechische Philosoph, war bekannt f\u00fcr seine\u00a0Weisheit. Eines Tages kam ein Mann zu ihm und fragte ihn:<\/span><\/p>\n<p style=\"margin: 0px; padding: 5px 5px 5px 0px; color: #161618; font-family: 'lucida grande', Verdana, sans-serif; font-size: 12px; line-height: 16px; background-color: #f4f4f4;\"><span style=\"font-size: 12px; line-height: 16px;\">\u201cMeis<\/span><span style=\"font-size: 12px; line-height: 16px;\">ter, willst du wissen<\/span><span style=\"font-size: 12px; line-height: 16px;\">, was ich \u00fcber deinen Freund geh\u00f6rt habe?\u201d<\/span><\/p>\n<p style=\"margin: 0px; padding: 5px 5px 5px 0px; color: #161618; font-family: 'lucida grande', Verdana, sans-serif; font-size: 12px; line-height: 16px; background-color: #f4f4f4;\">\u201cMoment\u201d, antwortete Sokrates. \u201cBevor du mir das erz\u00e4hlst, m\u00f6chte ich die Pr\u00fcfung der 3 Siebe machen.\u201d<\/p>\n<p style=\"margin: 0px; padding: 5px 5px 5px 0px; color: #161618; font-family: 'lucida grande', Verdana, sans-serif; font-size: 12px; line-height: 16px; background-color: #f4f4f4;\">\u201cDie Pr\u00fcfung der 3 Siebe? Was ist das denn?\u201d<\/p>\n<p style=\"margin: 0px; padding: 5px 5px 5px 0px; color: #161618; font-family: 'lucida grande', Verdana, sans-serif; font-size: 12px; line-height: 16px; background-color: #f4f4f4;\">\u201cJa. Bevor du mir etwas \u00fcber einen anderen erz\u00e4hlst, sollten wir erst einmal filtern, was du sagen m\u00f6chtest. Das nenne ich die Pr\u00fcfung der 3 Siebe. Das erste Sieb ist das der Wahrheit. Hast du \u00fcberpr\u00fcft, ob das, was du mir erz\u00e4hlen willst, auch stimmt?\u201d<\/p>\n<p style=\"margin: 0px; padding: 5px 5px 5px 0px; color: #161618; font-family: 'lucida grande', Verdana, sans-serif; font-size: 12px; line-height: 16px; background-color: #f4f4f4;\">\u201cNein. Ich habe das nur geh\u00f6rt \u2026\u201d<\/p>\n<p style=\"margin: 0px; padding: 5px 5px 5px 0px; color: #161618; font-family: 'lucida grande', Verdana, sans-serif; font-size: 12px; line-height: 16px; background-color: #f4f4f4;\">\u201cNun gut. Du wei\u00dft also nicht, ob das, was du mir \u00fcber einen Dritten sagen willst,\u00a0wahr ist. Nehmen wir nun das zweite Sieb. Das ist das Sieb der G\u00fcte. Ist das, was du mir \u00fcber meinen Freund erz\u00e4hlen willst, etwas Gutes?\u201d<\/p>\n<p style=\"margin: 0px; padding: 5px 5px 5px 0px; color: #161618; font-family: 'lucida grande', Verdana, sans-serif; font-size: 12px; line-height: 16px; background-color: #f4f4f4;\">\u201cNein! Ganz im Gegenteil.\u201d<\/p>\n<p style=\"margin: 0px; padding: 5px 5px 5px 0px; color: #161618; font-family: 'lucida grande', Verdana, sans-serif; font-size: 12px; line-height: 16px; background-color: #f4f4f4;\">\u201cAha\u201d, sagte Sokrates, \u201cdu willst mir also etwas Nachteiliges \u00fcber jemanden erz\u00e4hlen, obwohl du nicht wei\u00dft, dass das auch stimmt. Aber du kannst vielleicht diese Pr\u00fcfung doch noch bestehen, denn es gibt noch ein drittes Sieb. Das nenne ich das Sieb der N\u00fctzlichkeit. Ist das, was du mir \u00fcber meinen Freund erz\u00e4hlen willst, n\u00fctzlich?\u201d<\/p>\n<p style=\"margin: 0px; padding: 5px 5px 5px 0px; color: #161618; font-family: 'lucida grande', Verdana, sans-serif; font-size: 12px; line-height: 16px; background-color: #f4f4f4;\">\u201cNein, eher nicht.\u201d<\/p>\n<p style=\"margin: 0px; padding: 5px 5px 5px 0px; color: #161618; font-family: 'lucida grande', Verdana, sans-serif; font-size: 12px; line-height: 16px; background-color: #f4f4f4;\">\u201cAlso, ich fasse zusammen: Du willst mir etwas\u00a0erz\u00e4hlen, was weder wahr, noch gut, noch n\u00fctzlich. Warum willst du es mir \u00fcberhaupt erz\u00e4hlen?\u201d<\/p>\n<\/blockquote>\n<h4>Bitte benutzen Sie das Formular &#8222;Ihre Nachricht&#8220; ganz unten auf dieser Seite. Ihren Kommentar k\u00f6nnen Sie dann in K\u00fcrze auf dieser Seite wiederfinden.<\/h4>\n","protected":false},"excerpt":{"rendered":"<p>Ich bin gespannt auf Ihre Kommentare Was wissen Sie \u00fcber Kangenwasser? \u00dcber Kangenwasser gibt es viel zu erz\u00e4hlen. Theorie ist wichtig zum besseren Verst\u00e4ndnis dessen, was passieren kann, wenn Sie beginnen, regelm\u00e4\u00dfig Kangenwasser zu trinken. Am Ende jedoch z\u00e4hlt die praktische Erfahrung, und die bekommen Sie nur, wenn Sie Kangenwasser trinken. Viele Kunden beginnen, mit [&hellip;]<\/p>\n","protected":false},"author":1,"featured_media":4330,"parent":0,"menu_order":0,"comment_status":"open","ping_status":"open","template":"template_testimonial.php","meta":{"jetpack_post_was_ever_published":false,"footnotes":""},"class_list":["post-4492","page","type-page","status-publish","has-post-thumbnail","hentry"],"aioseo_notices":[],"jetpack_sharing_enabled":true,"_links":{"self":[{"href":"https:\/\/c-boehling.de\/kangenwasser\/wp-json\/wp\/v2\/pages\/4492","targetHints":{"allow":["GET"]}}],"collection":[{"href":"https:\/\/c-boehling.de\/kangenwasser\/wp-json\/wp\/v2\/pages"}],"about":[{"href":"https:\/\/c-boehling.de\/kangenwasser\/wp-json\/wp\/v2\/types\/page"}],"author":[{"embeddable":true,"href":"https:\/\/c-boehling.de\/kangenwasser\/wp-json\/wp\/v2\/users\/1"}],"replies":[{"embeddable":true,"href":"https:\/\/c-boehling.de\/kangenwasser\/wp-json\/wp\/v2\/comments?post=4492"}],"version-history":[{"count":7,"href":"https:\/\/c-boehling.de\/kangenwasser\/wp-json\/wp\/v2\/pages\/4492\/revisions"}],"predecessor-version":[{"id":4501,"href":"https:\/\/c-boehling.de\/kangenwasser\/wp-json\/wp\/v2\/pages\/4492\/revisions\/4501"}],"wp:featuredmedia":[{"embeddable":true,"href":"https:\/\/c-boehling.de\/kangenwasser\/wp-json\/wp\/v2\/media\/4330"}],"wp:attachment":[{"href":"https:\/\/c-boehling.de\/kangenwasser\/wp-json\/wp\/v2\/media?parent=4492"}],"curies":[{"name":"wp","href":"https:\/\/api.w.org\/{rel}","templated":true}]}}