{"id":43,"date":"2009-06-29T18:10:12","date_gmt":"2009-06-29T16:10:12","guid":{"rendered":"http:\/\/c-boehling.de\/kangenwasser\/?page_id=43"},"modified":"2010-09-16T06:10:37","modified_gmt":"2010-09-16T04:10:37","slug":"mineralwasser","status":"publish","type":"page","link":"https:\/\/c-boehling.de\/kangenwasser\/arten-von-wassertafelwasser\/mineralwasser\/","title":{"rendered":"Mineralwasser"},"content":{"rendered":"<h3>Mineralwasser wird aus dem Boden gewonnen, an der Quelle hochgepumpt und abgef\u00fcllt.<\/h3>\n<table style=\"text-align: left; width: 100%;\" border=\"0\" cellpadding=\"2\" cellspacing=\"2\">\n<tbody>\n<tr>\n<td>\n      <script type=\"text\/javascript\"><!--\ngoogle_ad_client = \"pub-0778880760885720\";\n\/* 336x280, kangenwasser, blogpost, oben *\/\ngoogle_ad_slot = \"0963484716\";\ngoogle_ad_width = 336;\ngoogle_ad_height = 280;\n\/\/-->\n      <\/script><br \/>\n      <script type=\"text\/javascript\"\n src=\"http:\/\/pagead2.googlesyndication.com\/pagead\/show_ads.js\">\n      <\/script><\/td>\n<td>Im Prinzip ist es Regenwasser, das auf seiner langen Reise zur Quelle durch verschiedene Erdschichten gesickert ist und dort seinen Mineralgehalt aufgenommen hat. Die Mineralzusammensetzung verleiht dem Mineralwasser seinen typischen Geschmack.<\/p>\n<p>Hersteller d\u00fcrfen dem Mineralwasser Kohlens\u00e4ure hinzuf\u00fcgen oder auch entziehen. Au\u00dferdem d\u00fcrfen Schwefel- und Eisenverbindungen entfernt werden.\n<\/td>\n<\/tr>\n<\/tbody>\n<\/table>\n","protected":false},"excerpt":{"rendered":"<p>Mineralwasser wird aus dem Boden gewonnen, an der Quelle hochgepumpt und abgef\u00fcllt. Im Prinzip ist es Regenwasser, das auf seiner langen Reise zur Quelle durch verschiedene Erdschichten gesickert ist und dort seinen Mineralgehalt aufgenommen hat. Die Mineralzusammensetzung verleiht dem Mineralwasser seinen typischen Geschmack. Hersteller d\u00fcrfen dem Mineralwasser Kohlens\u00e4ure hinzuf\u00fcgen oder auch entziehen. Au\u00dferdem d\u00fcrfen Schwefel- [&hellip;]<\/p>\n","protected":false},"author":1,"featured_media":0,"parent":29,"menu_order":4,"comment_status":"closed","ping_status":"open","template":"","meta":{"jetpack_post_was_ever_published":false,"footnotes":""},"class_list":["post-43","page","type-page","status-publish","hentry"],"aioseo_notices":[],"jetpack_sharing_enabled":true,"_links":{"self":[{"href":"https:\/\/c-boehling.de\/kangenwasser\/wp-json\/wp\/v2\/pages\/43","targetHints":{"allow":["GET"]}}],"collection":[{"href":"https:\/\/c-boehling.de\/kangenwasser\/wp-json\/wp\/v2\/pages"}],"about":[{"href":"https:\/\/c-boehling.de\/kangenwasser\/wp-json\/wp\/v2\/types\/page"}],"author":[{"embeddable":true,"href":"https:\/\/c-boehling.de\/kangenwasser\/wp-json\/wp\/v2\/users\/1"}],"replies":[{"embeddable":true,"href":"https:\/\/c-boehling.de\/kangenwasser\/wp-json\/wp\/v2\/comments?post=43"}],"version-history":[{"count":4,"href":"https:\/\/c-boehling.de\/kangenwasser\/wp-json\/wp\/v2\/pages\/43\/revisions"}],"predecessor-version":[{"id":45,"href":"https:\/\/c-boehling.de\/kangenwasser\/wp-json\/wp\/v2\/pages\/43\/revisions\/45"}],"up":[{"embeddable":true,"href":"https:\/\/c-boehling.de\/kangenwasser\/wp-json\/wp\/v2\/pages\/29"}],"wp:attachment":[{"href":"https:\/\/c-boehling.de\/kangenwasser\/wp-json\/wp\/v2\/media?parent=43"}],"curies":[{"name":"wp","href":"https:\/\/api.w.org\/{rel}","templated":true}]}}