{"id":424,"date":"2010-10-31T20:33:06","date_gmt":"2010-10-31T18:33:06","guid":{"rendered":"http:\/\/c-boehling.de\/kangenwasser\/kangenwasser\/"},"modified":"2013-01-23T22:56:21","modified_gmt":"2013-01-23T20:56:21","slug":"lesetipps-zum-thema-wasser","status":"publish","type":"page","link":"https:\/\/c-boehling.de\/kangenwasser\/lesetipps-zum-thema-wasser\/","title":{"rendered":"Lesetipps zum Thema Wasser"},"content":{"rendered":"<p>Die folgenden<\/p>\n<h1>Lesetipps zum Thema Wasser<\/h1>\n<p>sollen Ihnen helfen, sich ein rechtes Bild von der Bedeutung des Wassers &#8211; insbesondere des Kangenwassers &#8211; \u00a0f\u00fcr unsere Gesundheit machen zu k\u00f6nnen. Dazu ist es oftmals hilfreich, ein wenig in B\u00fcchern zu st\u00f6bern.<\/p>\n<h3>Nachfolgend nun ein paar Empfehlungen, die f\u00fcr das Verst\u00e4ndnis von Kangenwasser hilfreich sind:<\/h3>\n<p><a href=\"http:\/\/astore.amazon.de\/kangenwasser-21\/detail\/3935767250\">Sie sind nicht krank, Sie sind durstig: Heilung von innen mit Wasser und Salz<\/a><br \/>\nvon Fereydoon Batmanghelidj<\/p>\n<p><a href=\"http:\/\/astore.amazon.de\/kangenwasser-21\/detail\/3924077835\">Wasser, die gesunde L\u00f6sung: Ein Umlernbuch<\/a><br \/>\nvon Fereydoon Batmanghelidj<\/p>\n<p><a href=\"http:\/\/astore.amazon.de\/kangenwasser-21\/detail\/3936862486\">Die Heilkraft des Wassers<\/a><br \/>\nvon Masaru Emoto<\/p>\n<p><a href=\"http:\/\/astore.amazon.de\/kangenwasser-21\/detail\/3867280738\">Die Botschaft des Wassers. Sonderausgabe<\/a><br \/>\nvon Masaru Emoto<\/p>\n<p><a href=\"http:\/\/astore.amazon.de\/kangenwasser-21\/detail\/3929512939\">Die Antwort des Wassers<\/a><br \/>\nvon Masaru Emoto<\/p>\n<p><a href=\"http:\/\/astore.amazon.de\/kangenwasser-21\/detail\/3442218330\">Lang leben ohne Krankheit: Di\u00e4t und Gesundheitstipps vom Entdecker des Enzym-Faktors<\/a><br \/>\nvon Dr. Hiromi Shinya<\/p>\n<p><a href=\"http:\/\/astore.amazon.de\/kangenwasser-21\/detail\/3037808020\">Chronisch \u00fcbers\u00e4uert?: S\u00e4ure-Basen-Balance und Gesundheit <\/a><br \/>\nvon Thomas Goedecke und J\u00fcrgen Vormann (M\u00e4rz 2006)<\/p>\n<p><a href=\"http:\/\/astore.amazon.de\/kangenwasser-21\/detail\/3981031814\">Hexagonales Wasser: Der Schl\u00fcssel zur Gesundheit<\/a><br \/>\nvon Inna Kralovyetts, Mu Shik Jhon und Daniel Wagner (1. April 2008) &#8211; Ungek\u00fcrzte Ausgabe<\/p>\n<p><a href=\"http:\/\/astore.amazon.de\/kangenwasser-21\/detail\/3833414855\">Der Weg zur\u00fcck in die Jugend: Kein Wunschtraum, sondern wissenschaftliche Erkenntnis<\/a><br \/>\nvon Sang Whang<\/p>\n<p><a href=\"http:\/\/astore.amazon.de\/kangenwasser-21\/detail\/3803216540\">Wasser &amp; Salz &#8211; Urquell des Lebens<\/a><br \/>\nvon Barbara Hendel und Peter Ferreira (CD-ROM)<\/p>\n<p><a href=\"http:\/\/astore.amazon.de\/kangenwasser-21\/detail\/3935767595\">Die Wasserkur bei \u00dcbergewicht, Depression und Krebs: Das Aufkl\u00e4rungsbuch <\/a><br \/>\nvon Faridun Batmanghelidj und Hildegard Baumann (Mai 2011)<\/p>\n<p><a href=\"http:\/\/astore.amazon.de\/kangenwasser-21\/detail\/3980840816\">Wasser vom Reinsten. So optimieren Sie Ihr Leitungswasser.<\/a><br \/>\nvon Barbara Hendel<\/p>\n<p><a href=\"http:\/\/astore.amazon.de\/kangenwasser-21\/detail\/3981266706\">Lebendiges Wasser &#8211; Quell der Gesundheit: Die Wasser-Apotheke mit Frequenz-Tabelle<\/a><br \/>\nvon Andrea Tichy, Regina Eisele und Monika Frei-Hermann (13. Februar 2009)<\/p>\n<p><a href=\"http:\/\/astore.amazon.de\/kangenwasser-21\/detail\/3981120426\">Trink Dich basisch: Das Brevier zum basisch&#8230;<\/a><br \/>\nvon Karl H Asenbaum, Walter Irlacher und Dietmar Ferger (Dezember 2008) &#8211; Ungek\u00fcrzte Ausgabe<\/p>\n<p><a href=\"http:\/\/astore.amazon.de\/kangenwasser-21\/detail\/3442163749\">Die pH-Formel: F\u00fcr das S\u00e4ure-Basen-Gleichgewicht<\/a><br \/>\nvon Robert O. Young<\/p>\n<p><a href=\"http:\/\/astore.amazon.de\/kangenwasser-21\/detail\/3922201555\">Fit und vital mit Antioxidanzien<\/a><br \/>\nvon Shigeru Tanaka<\/p>\n<p><a href=\"http:\/\/astore.amazon.de\/kangenwasser-21\/detail\/3038003581\">Trink Wasser und bleib gesund: Wasserhaushalt im K\u00f6rper. Wassermangel und seine Folgen. Wasser als Medizin <\/a><br \/>\nvon Christopher Vasey<\/p>\n<p><a href=\"http:\/\/astore.amazon.de\/kangenwasser-21\/detail\/3517018570\">\u00dcbers\u00e4uerung &#8211; Krank ohne Grund: Krankheiten erkennen, die St\u00f6rungen im S\u00e4ure-Basen-Haushalt nat\u00fcrlich und wirksam ausgleichen: Das Programm f\u00fcr &#8230; &#8211; mit dem pers\u00f6nlichen Ents\u00e4uerungsprogramm (Taschenbuch)<\/a><br \/>\nvon Norbert Treutwein<\/p>\n<h3>und last but not least:<\/h3>\n<p><a href=\"http:\/\/astore.amazon.de\/kangenwasser-21\/detail\/3932098811\">Wasser hilft: Allergien &#8211; Asthma &#8211; Lupus. Ein Erfahrungsbericht<\/a><br \/>\nvon Fereydoon Batmanghelidj<\/p>\n<p>So, ich glaube, jetzt haben Sie erst einmal gen\u00fcgend Stoff zum Lesen.<\/p>\n<blockquote>\n<p style=\"text-align: center;\">Aber passen Sie auf, da\u00df Sie beim Lesen nicht vertrocknen.<\/p>\n<p style=\"text-align: center;\">Also erheben Sie das Glas&#8230; Auf Ihr Wohl!<\/p>\n<\/blockquote>\n<h3>Wu\u00dften Sie schon&#8230;<\/h3>\n<p>&#8230; da\u00df Sie noch so viel \u00fcber Kangenwasser lesen k\u00f6nnen, und es nutzt Ihnen rein gar nichts? Erst wenn Sie es trinken &#8211; am besten regelm\u00e4\u00dfig &#8211; werden Sie die wohltuenden Qualit\u00e4ten des Kangenwassers am eigenen Leibe sp\u00fcren k\u00f6nnen. Eine Erfahrung, die ich Ihnen von Herzen g\u00f6nne!<\/p>\n<p>Ihr<\/p>\n<p>Kangenwassermann<\/p>\n<p>Christoph B\u00f6hling<\/p>\n<h3>p.s.:<\/h3>\n<h3>Abschlie\u00dfend mein Favorit unter den Lesetipps zum Thema Wasser: Der <a title=\"Kangenwasser-Report 2012\" href=\"http:\/\/c-boehling.de\/kangenwasser\" target=\"_blank\">Kangenwasser-Report 2012<\/a> zum kostenlosen Download. Als Dankesch\u00f6n freue ich mich \u00fcber ein &#8222;like it&#8220; bei Facebook \ud83d\ude42<\/h3>\n","protected":false},"excerpt":{"rendered":"<p>Die folgenden Lesetipps zum Thema Wasser sollen Ihnen helfen, sich ein rechtes Bild von der Bedeutung des Wassers &#8211; insbesondere des Kangenwassers &#8211; \u00a0f\u00fcr unsere Gesundheit machen zu k\u00f6nnen. Dazu ist es oftmals hilfreich, ein wenig in B\u00fcchern zu st\u00f6bern. Nachfolgend nun ein paar Empfehlungen, die f\u00fcr das Verst\u00e4ndnis von Kangenwasser hilfreich sind: Sie sind [&hellip;]<\/p>\n","protected":false},"author":1,"featured_media":0,"parent":0,"menu_order":0,"comment_status":"closed","ping_status":"open","template":"","meta":{"jetpack_post_was_ever_published":false,"footnotes":""},"class_list":["post-424","page","type-page","status-publish","hentry"],"aioseo_notices":[],"jetpack_sharing_enabled":true,"_links":{"self":[{"href":"https:\/\/c-boehling.de\/kangenwasser\/wp-json\/wp\/v2\/pages\/424","targetHints":{"allow":["GET"]}}],"collection":[{"href":"https:\/\/c-boehling.de\/kangenwasser\/wp-json\/wp\/v2\/pages"}],"about":[{"href":"https:\/\/c-boehling.de\/kangenwasser\/wp-json\/wp\/v2\/types\/page"}],"author":[{"embeddable":true,"href":"https:\/\/c-boehling.de\/kangenwasser\/wp-json\/wp\/v2\/users\/1"}],"replies":[{"embeddable":true,"href":"https:\/\/c-boehling.de\/kangenwasser\/wp-json\/wp\/v2\/comments?post=424"}],"version-history":[{"count":3,"href":"https:\/\/c-boehling.de\/kangenwasser\/wp-json\/wp\/v2\/pages\/424\/revisions"}],"predecessor-version":[{"id":3876,"href":"https:\/\/c-boehling.de\/kangenwasser\/wp-json\/wp\/v2\/pages\/424\/revisions\/3876"}],"wp:attachment":[{"href":"https:\/\/c-boehling.de\/kangenwasser\/wp-json\/wp\/v2\/media?parent=424"}],"curies":[{"name":"wp","href":"https:\/\/api.w.org\/{rel}","templated":true}]}}