{"id":41,"date":"2009-06-29T18:09:18","date_gmt":"2009-06-29T16:09:18","guid":{"rendered":"http:\/\/c-boehling.de\/kangenwasser\/?page_id=41"},"modified":"2010-09-16T06:07:51","modified_gmt":"2010-09-16T04:07:51","slug":"heilwasser","status":"publish","type":"page","link":"https:\/\/c-boehling.de\/kangenwasser\/arten-von-wassertafelwasser\/heilwasser\/","title":{"rendered":"Heilwasser"},"content":{"rendered":"<h3>Die bekannteste Heilwasser Quelle ist wahrscheinlich die in Lourdes (Frankreich).<\/h3>\n<table style=\"text-align: left; width: 100%;\" border=\"0\" cellpadding=\"2\" cellspacing=\"2\">\n<tbody>\n<tr>\n<td>\n      <script type=\"text\/javascript\"><!--\ngoogle_ad_client = \"pub-0778880760885720\";\n\/* 336x280, kangenwasser, blogpost, oben *\/\ngoogle_ad_slot = \"0963484716\";\ngoogle_ad_width = 336;\ngoogle_ad_height = 280;\n\/\/-->\n      <\/script><br \/>\n      <script type=\"text\/javascript\"\n src=\"http:\/\/pagead2.googlesyndication.com\/pagead\/show_ads.js\">\n      <\/script><\/td>\n<td>Manche hiesigen Mineralbrunnen bieten ihr Wasser auch als Heilwasser an. In Deutschland haben wir derzeit \u00fcber 60 solcher Quellen.<\/p>\n<p>Hier bedarf es eines Nachweises \u00fcber die Heilwirkung der jeweiligen Zusammensetzung der Heilw\u00e4sser. Eine Zulassung als Arzneimittel ist erforderlich.<\/p>\n<p>Heilw\u00e4sser unterliegen einer besonderen Kontrolle. Die meisten Heilw\u00e4sser werden wie Mineralwasser auch f\u00fcr den Dauerkonsum verwendet.\n<\/td>\n<\/tr>\n<\/tbody>\n<\/table>\n","protected":false},"excerpt":{"rendered":"<p>Die bekannteste Heilwasser Quelle ist wahrscheinlich die in Lourdes (Frankreich). Manche hiesigen Mineralbrunnen bieten ihr Wasser auch als Heilwasser an. In Deutschland haben wir derzeit \u00fcber 60 solcher Quellen. Hier bedarf es eines Nachweises \u00fcber die Heilwirkung der jeweiligen Zusammensetzung der Heilw\u00e4sser. Eine Zulassung als Arzneimittel ist erforderlich. Heilw\u00e4sser unterliegen einer besonderen Kontrolle. Die meisten [&hellip;]<\/p>\n","protected":false},"author":1,"featured_media":0,"parent":29,"menu_order":5,"comment_status":"closed","ping_status":"open","template":"","meta":{"jetpack_post_was_ever_published":false,"footnotes":""},"class_list":["post-41","page","type-page","status-publish","hentry"],"aioseo_notices":[],"jetpack_sharing_enabled":true,"_links":{"self":[{"href":"https:\/\/c-boehling.de\/kangenwasser\/wp-json\/wp\/v2\/pages\/41","targetHints":{"allow":["GET"]}}],"collection":[{"href":"https:\/\/c-boehling.de\/kangenwasser\/wp-json\/wp\/v2\/pages"}],"about":[{"href":"https:\/\/c-boehling.de\/kangenwasser\/wp-json\/wp\/v2\/types\/page"}],"author":[{"embeddable":true,"href":"https:\/\/c-boehling.de\/kangenwasser\/wp-json\/wp\/v2\/users\/1"}],"replies":[{"embeddable":true,"href":"https:\/\/c-boehling.de\/kangenwasser\/wp-json\/wp\/v2\/comments?post=41"}],"version-history":[{"count":5,"href":"https:\/\/c-boehling.de\/kangenwasser\/wp-json\/wp\/v2\/pages\/41\/revisions"}],"predecessor-version":[{"id":354,"href":"https:\/\/c-boehling.de\/kangenwasser\/wp-json\/wp\/v2\/pages\/41\/revisions\/354"}],"up":[{"embeddable":true,"href":"https:\/\/c-boehling.de\/kangenwasser\/wp-json\/wp\/v2\/pages\/29"}],"wp:attachment":[{"href":"https:\/\/c-boehling.de\/kangenwasser\/wp-json\/wp\/v2\/media?parent=41"}],"curies":[{"name":"wp","href":"https:\/\/api.w.org\/{rel}","templated":true}]}}