{"id":3999,"date":"2013-02-06T09:38:31","date_gmt":"2013-02-06T07:38:31","guid":{"rendered":"http:\/\/c-boehling.de\/kangenwasser\/?page_id=3999"},"modified":"2013-06-14T10:27:10","modified_gmt":"2013-06-14T08:27:10","slug":"vier-gute-gruende-fuer-besseres-wasser","status":"publish","type":"page","link":"https:\/\/c-boehling.de\/kangenwasser\/vier-gute-gruende-fuer-besseres-wasser\/","title":{"rendered":"4 gute Gr\u00fcnde f\u00fcr besseres Wasser"},"content":{"rendered":"<div><\/div>\n\n<div class=\"fb-like\" data-font=\"verdana\" data-href=\"http:\/\/c-boehling.de\/kangenwasser\" data-send=\"true\" data-show-faces=\"true\" data-width=\"250\"><\/div>\n<p style=\"text-align: center;\"><span style=\"background-color: lime;\">Nachdem Sie das Video zu &#8222;4 gute Gr\u00fcnde f\u00fcr besseres Wasser&#8220; gesehen haben,<br \/>\nbenutzen Sie f\u00fcr den kostenlosen Download bitte das Formular rechts neben dem Video\u00a0&#8212;&gt;&gt;&gt;<\/span><\/p>\n<p>&nbsp;<\/p>\n<h3 style=\"text-align: center;\"><span style=\"color: #333399;\">In dem Video &#8222;4 gute Gr\u00fcnde f\u00fcr besseres Wasser&#8220;<br \/>\nzeige ich, warum Sie jetzt pr\u00fcfen sollten,<br \/>\nob das Wasser, das Sie t\u00e4glich trinken,<br \/>\nwirklich das gut f\u00fcr Sie ist.<\/span><\/h3>\n<table width=\"500\" border=\"0\" cellspacing=\"2\" cellpadding=\"3\">\n<tbody>\n<tr align=\"center\">\n<td colspan=\"3\" align=\"center\" valign=\"middle\" bgcolor=\"#ffee99\"><\/td>\n<\/tr>\n<tr>\n<td align=\"right\" valign=\"middle\" bgcolor=\"#ffee99\" width=\"145\"><span style=\"color: #660000;\"><b>Grund Nr. 1<\/b><\/span><\/td>\n<td align=\"center\" valign=\"middle\" bgcolor=\"#ffee99\" width=\"85\"><small>ab min. 00:23<\/small><\/td>\n<td valign=\"middle\" bgcolor=\"#ffee99\"><span style=\"color: #660000;\">Dehydratation\u00a0und chronische \u00dcbers\u00e4uerung, zwei der gr\u00f6\u00dften<br \/>\nGesundheitsrisiken in unserer Gesellschaft<\/span><\/td>\n<\/tr>\n<tr>\n<td align=\"right\" valign=\"middle\" bgcolor=\"#ffee99\" width=\"145\"><span style=\"color: #660000;\"><b>Grund Nr. 2<\/b><\/span><\/td>\n<td align=\"center\" valign=\"middle\" bgcolor=\"#ffee99\" width=\"85\"><small>ab min. 02:00<\/small><\/td>\n<td valign=\"middle\" bgcolor=\"#ffee99\"><span style=\"color: #660000;\">So\u00a0vermeiden Sie vorzeitiges Altern und gewinnen den Kampf\u00a0mit den freien Radikalen<\/span><\/td>\n<\/tr>\n<tr>\n<td align=\"right\" valign=\"middle\" bgcolor=\"#ffee99\" width=\"145\"><span style=\"color: #660000;\"><b>Grund Nr. 3<\/b><\/span><\/td>\n<td align=\"center\" valign=\"middle\" bgcolor=\"#ffee99\" width=\"85\"><small>ab min. 03:30<\/small><\/td>\n<td valign=\"middle\" bgcolor=\"#ffee99\"><span style=\"color: #660000;\">Microcluster-Struktur\u00a0&#8211; so gelangt gutes Wasser bis in die entlegensten Zellen\u00a0Ihres K\u00f6rpers<\/span><\/td>\n<\/tr>\n<tr>\n<td align=\"right\" valign=\"middle\" bgcolor=\"#ffee99\" width=\"145\"><span style=\"color: #660000;\"><b>Grund Nr. 4<\/b><\/span><\/td>\n<td align=\"center\" valign=\"middle\" bgcolor=\"#ffee99\" width=\"85\"><small>ab min. 05:20<\/small><\/td>\n<td valign=\"middle\" bgcolor=\"#ffee99\"><span style=\"color: #660000;\">Wasser,\u00a0das Sie zum Trinken einl\u00e4dt &#8211; so m\u00fcssen Sie sich nie\u00a0wieder zum Wassertrinken zwingen<\/span><\/td>\n<\/tr>\n<tr>\n<td align=\"right\" valign=\"middle\" bgcolor=\"#ffee99\" width=\"145\"><span style=\"color: #660000;\"><b>Zusammenfassung<\/b><\/span><\/td>\n<td align=\"center\" valign=\"middle\" bgcolor=\"#ffee99\" width=\"85\"><small>ab min. 07:20<\/small><\/td>\n<td valign=\"middle\" bgcolor=\"#ffee99\"><span style=\"color: #660000;\">&#8230;\u00a0kostenloser Download<\/span><\/td>\n<\/tr>\n<tr>\n<td align=\"right\" valign=\"middle\" bgcolor=\"#ffee99\" width=\"145\"><span style=\"color: #660000;\"><b>\u00a0<\/b><\/span><\/td>\n<td align=\"center\" valign=\"middle\" bgcolor=\"#ffee99\" width=\"85\"><small>\u00a0<\/small><\/td>\n<td valign=\"middle\" bgcolor=\"#ffee99\"><span style=\"color: #660000;\">\u00a0<\/span><\/td>\n<\/tr>\n<\/tbody>\n<\/table>\n<div id=\"fb-root\"><\/div>\n<h4 style=\"text-align: center;\"><span style=\"color: #696969;\">Falls Sie den Kangenwasser-Report schon abonniert haben<br \/>\noder ihn jetzt nicht lesen m\u00f6chten,<br \/>\ngelangen Sie <\/span><a href=\"http:\/\/c-boehling.de\/kangenwasser\/blog\" target=\"_self\"><span style=\"color: #0000cd;\">hier<\/span><\/a><span style=\"color: #696969;\"> direkt zu den aktuellen Blog-Beitr\u00e4gen.<\/span><\/h4>\n<p style=\"text-align: center;\"><em>Dort finden Sie noch weit mehr als 4 gute Gr\u00fcnde f\u00fcr besseres Wasser.<\/em><\/p>\n<div style=\"text-align: center;\"><\/div>\n","protected":false},"excerpt":{"rendered":"<p>Nachdem Sie das Video zu &#8222;4 gute Gr\u00fcnde f\u00fcr besseres Wasser&#8220; gesehen haben, benutzen Sie f\u00fcr den kostenlosen Download bitte das Formular rechts neben dem Video\u00a0&#8212;&gt;&gt;&gt; &nbsp; In dem Video &#8222;4 gute Gr\u00fcnde f\u00fcr besseres Wasser&#8220; zeige ich, warum Sie jetzt pr\u00fcfen sollten, ob das Wasser, das Sie t\u00e4glich trinken, wirklich das gut f\u00fcr Sie [&hellip;]<\/p>\n","protected":false},"author":1,"featured_media":3970,"parent":0,"menu_order":0,"comment_status":"closed","ping_status":"open","template":"","meta":{"jetpack_post_was_ever_published":false,"footnotes":""},"class_list":["post-3999","page","type-page","status-publish","has-post-thumbnail","hentry"],"aioseo_notices":[],"jetpack_sharing_enabled":true,"_links":{"self":[{"href":"https:\/\/c-boehling.de\/kangenwasser\/wp-json\/wp\/v2\/pages\/3999","targetHints":{"allow":["GET"]}}],"collection":[{"href":"https:\/\/c-boehling.de\/kangenwasser\/wp-json\/wp\/v2\/pages"}],"about":[{"href":"https:\/\/c-boehling.de\/kangenwasser\/wp-json\/wp\/v2\/types\/page"}],"author":[{"embeddable":true,"href":"https:\/\/c-boehling.de\/kangenwasser\/wp-json\/wp\/v2\/users\/1"}],"replies":[{"embeddable":true,"href":"https:\/\/c-boehling.de\/kangenwasser\/wp-json\/wp\/v2\/comments?post=3999"}],"version-history":[{"count":51,"href":"https:\/\/c-boehling.de\/kangenwasser\/wp-json\/wp\/v2\/pages\/3999\/revisions"}],"predecessor-version":[{"id":4036,"href":"https:\/\/c-boehling.de\/kangenwasser\/wp-json\/wp\/v2\/pages\/3999\/revisions\/4036"}],"wp:featuredmedia":[{"embeddable":true,"href":"https:\/\/c-boehling.de\/kangenwasser\/wp-json\/wp\/v2\/media\/3970"}],"wp:attachment":[{"href":"https:\/\/c-boehling.de\/kangenwasser\/wp-json\/wp\/v2\/media?parent=3999"}],"curies":[{"name":"wp","href":"https:\/\/api.w.org\/{rel}","templated":true}]}}