{"id":3881,"date":"2013-01-31T05:25:26","date_gmt":"2013-01-31T03:25:26","guid":{"rendered":"http:\/\/c-boehling.de\/kangenwasser\/?page_id=3881"},"modified":"2018-07-13T11:45:26","modified_gmt":"2018-07-13T09:45:26","slug":"wasser-report","status":"publish","type":"page","link":"https:\/\/c-boehling.de\/kangenwasser\/wasser-report\/","title":{"rendered":"Wasser-Report"},"content":{"rendered":"<h4 style=\"text-align: center;\">Schauen Sie sich das Video an und lesen Sie den aktuellen Kangen-Wasser-Report <strong><span style=\"color: #0000ff;\">&#8222;Das beste Wasser der Welt&#8220;<\/span><\/strong> von Sondara Christoph B\u00f6hling<\/h4>\n<p style=\"text-align: center;\"><span style=\"color: #c0c0c0;\">Darin enthalten alle wichtigen Daten der LeveLuk Modelle von Enagic und 4 gute Gr\u00fcnde,\u00a0warum Sie ernsthaft pr\u00fcfen sollten, ob das Wasser, das Sie t\u00e4glich trinken, wirklich das Beste f\u00fcr Sie ist.<\/span><\/p>\n<p style=\"text-align: center;\"><span style=\"color: #ff0000;\">(Das Video dauert nur 1 Minute. Bitte denken Sie daran, den Ton im Video einzuschalten.)<\/span><\/p>\n<div class=\"kartra_video_container0vsaqNiKoAoQ js_kartra_trackable_object\" data-kt-type=\"video\" data-kt-value=\"0vsaqNiKoAoQ\" data-kt-owner=\"opVJVbpb\"><\/div>\n<p><script src=\"https:\/\/app.kartra.com\/video\/0vsaqNiKoAoQ\"><\/script><\/p>\n<p style=\"text-align: center;\">\n","protected":false},"excerpt":{"rendered":"<p>Schauen Sie sich das Video an und lesen Sie den aktuellen Kangen-Wasser-Report &#8222;Das beste Wasser der Welt&#8220; von Sondara Christoph B\u00f6hling Darin enthalten alle wichtigen Daten der LeveLuk Modelle von Enagic und 4 gute Gr\u00fcnde,\u00a0warum Sie ernsthaft pr\u00fcfen sollten, ob das Wasser, das Sie t\u00e4glich trinken, wirklich das Beste f\u00fcr Sie ist. (Das Video dauert [&hellip;]<\/p>\n","protected":false},"author":1,"featured_media":4418,"parent":0,"menu_order":0,"comment_status":"open","ping_status":"open","template":"template-landing.php","meta":{"jetpack_post_was_ever_published":false,"footnotes":""},"class_list":["post-3881","page","type-page","status-publish","has-post-thumbnail","hentry"],"aioseo_notices":[],"jetpack_sharing_enabled":false,"_links":{"self":[{"href":"https:\/\/c-boehling.de\/kangenwasser\/wp-json\/wp\/v2\/pages\/3881","targetHints":{"allow":["GET"]}}],"collection":[{"href":"https:\/\/c-boehling.de\/kangenwasser\/wp-json\/wp\/v2\/pages"}],"about":[{"href":"https:\/\/c-boehling.de\/kangenwasser\/wp-json\/wp\/v2\/types\/page"}],"author":[{"embeddable":true,"href":"https:\/\/c-boehling.de\/kangenwasser\/wp-json\/wp\/v2\/users\/1"}],"replies":[{"embeddable":true,"href":"https:\/\/c-boehling.de\/kangenwasser\/wp-json\/wp\/v2\/comments?post=3881"}],"version-history":[{"count":22,"href":"https:\/\/c-boehling.de\/kangenwasser\/wp-json\/wp\/v2\/pages\/3881\/revisions"}],"predecessor-version":[{"id":5586,"href":"https:\/\/c-boehling.de\/kangenwasser\/wp-json\/wp\/v2\/pages\/3881\/revisions\/5586"}],"wp:featuredmedia":[{"embeddable":true,"href":"https:\/\/c-boehling.de\/kangenwasser\/wp-json\/wp\/v2\/media\/4418"}],"wp:attachment":[{"href":"https:\/\/c-boehling.de\/kangenwasser\/wp-json\/wp\/v2\/media?parent=3881"}],"curies":[{"name":"wp","href":"https:\/\/api.w.org\/{rel}","templated":true}]}}