{"id":37,"date":"2009-06-29T18:06:18","date_gmt":"2009-06-29T16:06:18","guid":{"rendered":"http:\/\/c-boehling.de\/kangenwasser\/?page_id=37"},"modified":"2010-09-16T06:04:44","modified_gmt":"2010-09-16T04:04:44","slug":"tafelwasser","status":"publish","type":"page","link":"https:\/\/c-boehling.de\/kangenwasser\/arten-von-wassertafelwasser\/tafelwasser\/","title":{"rendered":"Tafelwasser"},"content":{"rendered":"<h3>Tafelwasser unterliegt mit seinen Grenzwerten der <a href=\"http:\/\/www.umweltdaten.de\/publikationen\/fpdf-l\/3616.pdf\" target=\"_blank\">Trinkwasserverordnung<\/a>.<\/h3>\n<table style=\"text-align: left; width: 100%;\" border=\"0\" cellspacing=\"2\" cellpadding=\"2\">\n<tbody>\n<tr>\n<td><script type=\"text\/javascript\">\/\/ < ![CDATA[\n google_ad_client = \"pub-0778880760885720\"; \/* 336x280, kangenwasser, blogpost, oben *\/ google_ad_slot = \"0963484716\"; google_ad_width = 336; google_ad_height = 280;\n\/\/ ]]><\/script><br \/>\n<script src=\"http:\/\/pagead2.googlesyndication.com\/pagead\/show_ads.js\" type=\"text\/javascript\">\n      <\/script><\/td>\n<td>Hier werden <a href=\"http:\/\/c-boehling.de\/kangenwasser\/arten-von-wasser\/mineralwasser\">Mineralw\u00e4sser<\/a> und <a href=\"http:\/\/c-boehling.de\/kangenwasser\/arten-von-wasser\/leitungswasser-trinkwasser\">Leitungswasser<\/a> (<a href=\"http:\/\/www.umweltdaten.de\/publikationen\/fpdf-l\/3616.pdf\" target=\"_blank\">Trinkwasser<\/a>) gemischt.<\/p>\n<p>Es d\u00fcrfen aber auch Salze und Meerwasser daf\u00fcr verwendet werden.<\/td>\n<\/tr>\n<\/tbody>\n<\/table>\n","protected":false},"excerpt":{"rendered":"<p>Tafelwasser unterliegt mit seinen Grenzwerten der Trinkwasserverordnung. Hier werden Mineralw\u00e4sser und Leitungswasser (Trinkwasser) gemischt. Es d\u00fcrfen aber auch Salze und Meerwasser daf\u00fcr verwendet werden.<\/p>\n","protected":false},"author":1,"featured_media":0,"parent":29,"menu_order":3,"comment_status":"closed","ping_status":"open","template":"","meta":{"jetpack_post_was_ever_published":false,"footnotes":""},"class_list":["post-37","page","type-page","status-publish","hentry"],"aioseo_notices":[],"jetpack_sharing_enabled":true,"_links":{"self":[{"href":"https:\/\/c-boehling.de\/kangenwasser\/wp-json\/wp\/v2\/pages\/37","targetHints":{"allow":["GET"]}}],"collection":[{"href":"https:\/\/c-boehling.de\/kangenwasser\/wp-json\/wp\/v2\/pages"}],"about":[{"href":"https:\/\/c-boehling.de\/kangenwasser\/wp-json\/wp\/v2\/types\/page"}],"author":[{"embeddable":true,"href":"https:\/\/c-boehling.de\/kangenwasser\/wp-json\/wp\/v2\/users\/1"}],"replies":[{"embeddable":true,"href":"https:\/\/c-boehling.de\/kangenwasser\/wp-json\/wp\/v2\/comments?post=37"}],"version-history":[{"count":7,"href":"https:\/\/c-boehling.de\/kangenwasser\/wp-json\/wp\/v2\/pages\/37\/revisions"}],"predecessor-version":[{"id":353,"href":"https:\/\/c-boehling.de\/kangenwasser\/wp-json\/wp\/v2\/pages\/37\/revisions\/353"}],"up":[{"embeddable":true,"href":"https:\/\/c-boehling.de\/kangenwasser\/wp-json\/wp\/v2\/pages\/29"}],"wp:attachment":[{"href":"https:\/\/c-boehling.de\/kangenwasser\/wp-json\/wp\/v2\/media?parent=37"}],"curies":[{"name":"wp","href":"https:\/\/api.w.org\/{rel}","templated":true}]}}