{"id":33,"date":"2009-06-29T18:03:54","date_gmt":"2009-06-29T16:03:54","guid":{"rendered":"http:\/\/c-boehling.de\/kangenwasser\/?page_id=33"},"modified":"2010-09-16T05:49:09","modified_gmt":"2010-09-16T03:49:09","slug":"leitungswasser-trinkwasser","status":"publish","type":"page","link":"https:\/\/c-boehling.de\/kangenwasser\/arten-von-wassertafelwasser\/leitungswasser-trinkwasser\/","title":{"rendered":"Leitungswasser"},"content":{"rendered":"<p>Zu diesem Thema zitiere ich am besten die <a href=\"http:\/\/www.dvgw.de\/wasser\/trinkwasser-installation\/\" target=\"_blank\">Deutsche Vereinigung des Gas- und Wasserfaches e.V.<\/a>:<\/p>\n<p>In der <a href=\"http:\/\/www.umweltdaten.de\/publikationen\/fpdf-l\/3616.pdf\" target=\"_blank\">Trinkwasserverordnung<\/a>, die am 1. 1. 2003 in Kraft trat, ist geregelt, dass die Trinkwasserqualit\u00e4t an der Entnahmestelle (am Zapfhahn) des Verbrauchers eingehalten werden muss. Dies bedeutet, dass auch die Grenzwerte der Trinkwasserverordnung dort einzuhalten sind, so dass dem Verbraucher zu jeder Zeit reines, klares und zum Genuss anregendes Trinkwasser zur Verf\u00fcgung steht.<\/p>\n<table style=\"text-align: left; width: 100%;\" border=\"0\" cellpadding=\"2\" cellspacing=\"2\">\n<tbody>\n<tr>\n<td>\n      <script type=\"text\/javascript\"><!--\ngoogle_ad_client = \"pub-0778880760885720\";\n\/* 336x280, kangenwasser, blogpost, oben *\/\ngoogle_ad_slot = \"0963484716\";\ngoogle_ad_width = 336;\ngoogle_ad_height = 280;\n\/\/-->\n      <\/script><br \/>\n      <script type=\"text\/javascript\"\n src=\"http:\/\/pagead2.googlesyndication.com\/pagead\/show_ads.js\">\n      <\/script><\/td>\n<td>\n<p>Die Verantwortung daf\u00fcr wird auf verschiedene Schultern verteilt.<\/p>\n<p>Die Wasseraufbereitung und die Wasserverteilung bis zur \u00dcbergabestelle im Haus fallen unter die Verantwortung des Wasserversorgers. Ab der \u00dcbergabestelle im Haus ist der Hausbesitzer oder der Betreiber der Hausinstallation f\u00fcr die Erhaltung der Trinkwasserqualit\u00e4t verantwortlich.<\/p>\n<p>Hierzu geh\u00f6ren die Auswahl der richtigen Materialien f\u00fcr die Hausinstallation, eine fachgerechte Planung und eine regelm\u00e4\u00dfige Wartung und Instandhaltung w\u00e4hrend der gesamten Lebensdauer der Trinkwasseranlage, damit die Betriebssicherheit, die Funktionst\u00fcchtigkeit und die Gebrauchstauglichkeit der Trinkwasserinstallation auf Dauer erhalten werden kann.<\/p>\n<\/td>\n<\/tr>\n<\/tbody>\n<\/table>\n<p>Wer also den Anspruch hat, besonders gutes, reines und f\u00fcr seine Gesundheit f\u00f6rderliches Wasser zu trinken, mu\u00df sich selbst k\u00fcmmern bzw. Fachleute zu Rate ziehen.<\/p>\n","protected":false},"excerpt":{"rendered":"<p>Zu diesem Thema zitiere ich am besten die Deutsche Vereinigung des Gas- und Wasserfaches e.V.: In der Trinkwasserverordnung, die am 1. 1. 2003 in Kraft trat, ist geregelt, dass die Trinkwasserqualit\u00e4t an der Entnahmestelle (am Zapfhahn) des Verbrauchers eingehalten werden muss. Dies bedeutet, dass auch die Grenzwerte der Trinkwasserverordnung dort einzuhalten sind, so dass dem [&hellip;]<\/p>\n","protected":false},"author":1,"featured_media":0,"parent":29,"menu_order":1,"comment_status":"closed","ping_status":"open","template":"","meta":{"jetpack_post_was_ever_published":false,"footnotes":""},"class_list":["post-33","page","type-page","status-publish","hentry"],"aioseo_notices":[],"jetpack_sharing_enabled":true,"_links":{"self":[{"href":"https:\/\/c-boehling.de\/kangenwasser\/wp-json\/wp\/v2\/pages\/33","targetHints":{"allow":["GET"]}}],"collection":[{"href":"https:\/\/c-boehling.de\/kangenwasser\/wp-json\/wp\/v2\/pages"}],"about":[{"href":"https:\/\/c-boehling.de\/kangenwasser\/wp-json\/wp\/v2\/types\/page"}],"author":[{"embeddable":true,"href":"https:\/\/c-boehling.de\/kangenwasser\/wp-json\/wp\/v2\/users\/1"}],"replies":[{"embeddable":true,"href":"https:\/\/c-boehling.de\/kangenwasser\/wp-json\/wp\/v2\/comments?post=33"}],"version-history":[{"count":4,"href":"https:\/\/c-boehling.de\/kangenwasser\/wp-json\/wp\/v2\/pages\/33\/revisions"}],"predecessor-version":[{"id":345,"href":"https:\/\/c-boehling.de\/kangenwasser\/wp-json\/wp\/v2\/pages\/33\/revisions\/345"}],"up":[{"embeddable":true,"href":"https:\/\/c-boehling.de\/kangenwasser\/wp-json\/wp\/v2\/pages\/29"}],"wp:attachment":[{"href":"https:\/\/c-boehling.de\/kangenwasser\/wp-json\/wp\/v2\/media?parent=33"}],"curies":[{"name":"wp","href":"https:\/\/api.w.org\/{rel}","templated":true}]}}