{"id":305,"date":"2010-08-22T14:32:08","date_gmt":"2010-08-22T12:32:08","guid":{"rendered":"http:\/\/c-boehling.de\/kangenwasser\/kangenwasser\/?page_id=305"},"modified":"2017-06-29T16:40:59","modified_gmt":"2017-06-29T14:40:59","slug":"impressum-disclaimer","status":"publish","type":"page","link":"https:\/\/c-boehling.de\/kangenwasser\/impressum-disclaimer\/","title":{"rendered":"Impressum \/ Disclaimer"},"content":{"rendered":"<p><span style=\"text-decoration: underline;\"><strong>Impressum:<\/strong><\/span><\/p>\n<p>Christoph B\u00f6hling<\/p>\n<p>Arndtstr. 13<\/p>\n<p>53859 Niederkassel<\/p>\n<p>Tel.: 0179 &#8211; 22 18 270<\/p>\n<p>Mail: <a href=\"mailto:wasser@c-boehling.de\">wasser@c-boehling.de<\/a><\/p>\n<p><strong><a href=\"http:\/\/www.disclaimer.de\/disclaimer.htm?farbe=FFFFFF\/000000\/000000\/000000\">Haftungsausschluss \/ Disclaimer<\/a><\/strong><\/p>\n<p>&nbsp;<\/p>\n<p><strong>Wichtiger Hinweis zum Datenschutz:<\/strong><\/p>\n<p><em>Ich verwende in meinem Internetauftritt\u00a0 Plugins des Online-Netzwerkportals \u00bbFacebook\u00ab.<\/em><\/p>\n<p><em>Betreiber dieses Netzwerkes ist die Facebook Inc.; 1601 S. California Avenue, Palo Alto, CA 94304, USA.<br \/>\nBei den Plugins handelt es sich um einen Button mit der Bezeichnung \u00bbGef\u00e4llt mir\u00ab und um das Logo der Facebook Inc. \u2013 einem wei\u00dfen \u00bbf\u00ab auf blauem Hintergrund. Erkennbar sind solche Plugins auch an dem Hinweis \u00bbSoziales Plugin von Facebook\u00ab, der auf den Websites zu finden sein kann.<\/em><\/p>\n<p><em>Wenn Sie meine Websites aufrufen, wird durch Ihren Browser eine direkte Verbindung zu den Servern der Facebook Inc. hergestellt, wobei\u00a0der konkrete Inhalt des\u00a0Plugins von Facebook auf deren Servern bereitgestellt und schlie\u00dflich\u00a0\u00fcber\u00a0Ihren Browser direkt in meine Websites eingebunden wird.<\/em><\/p>\n<p><em>Sind Sie Mitglied bei Facebook und w\u00e4hrend des Besuchs auf meiner Websites bei Facebook eingeloggt, kann schon dieser Besuch Ihrem Facebook-Benutzerkonto zugeordnet werden. Sofern Sie den \u00bbGef\u00e4llt mir\u00ab Button nutzen, wird diese Information ebenfalls direkt an Facebook \u00fcbermittelt und dort gespeichert.\u00a0Die Zuordnung des Besuchs auf meinen Websites zu Ihrem Facebook-Konto k\u00f6nnen Sie vermeiden, wenn Sie sich zuvor\u00a0bei Facebook ausgeloggt haben. Auch wenn Sie nicht Mitglied bei Facebook sind, wird m\u00f6glicherweise\u00a0Ihre IP-Adresse bei dem Besuch meiner Websites an die Facebook Inc. \u00fcbermittelt und gespeichert.<\/em><\/p>\n<p><em>Weitere Informationen zum Umfang und Zwecke der Erhebung und Verwendung personenbezogener Daten durch Facebook sowie\u00a0\u00a0Hinweise zu Einstellungsm\u00f6glichkeiten f\u00fcr Facebook-Benutzerkonten zum Schutz der Privatsph\u00e4re finden Sie unter:<\/em><em>http:\/\/www.facebook.com\/policy.php<\/em><em>.<\/em><\/p>\n<p><em>Quelle:\u00a0<a href=\"http:\/\/www.stroemer.de\/\">Str\u00f6mer Rechtsanw\u00e4lte<\/a><\/em><\/p>\n<p><strong>Die o.g. Hinweise gelten analog auch f\u00fcr andere von mir ggf. verwendete soziale Netzwerkdienste und f\u00fcr die Verwendung sog. Cookies, wie nachfolgend n\u00e4her dokumentiert:<\/strong><\/p>\n<p>&nbsp;<\/p>\n<p><strong>Allgemeine Datenschutzerkl\u00e4rung<\/strong><\/p>\n<p>Durch die Nutzung unserer Website erkl\u00e4ren Sie sich mit der Erhebung, Verarbeitung und Nutzung von Daten gem\u00e4\u00df der nachfolgenden Beschreibung einverstanden. Unsere Website kann grunds\u00e4tzlich ohne Registrierung besucht werden. Dabei werden Daten wie beispielsweise aufgerufene Seiten bzw. Namen der abgerufenen Datei, Datum und Uhrzeit zu statistischen Zwecken auf dem Server gespeichert, ohne dass diese Daten unmittelbar auf Ihre Person bezogen werden. Personenbezogene Daten, insbesondere Name, Adresse oder E-Mail-Adresse werden soweit m\u00f6glich auf freiwilliger Basis erhoben. Ohne Ihre Einwilligung erfolgt keine Weitergabe der Daten an Dritte.<\/p>\n<p><strong>Datenschutzerkl\u00e4rung f\u00fcr Cookies<\/strong><\/p>\n<p>Unsere Website verwendet Cookies. Das sind kleine Textdateien, die es m\u00f6glich machen, auf dem Endger\u00e4t des Nutzers spezifische, auf den Nutzer bezogene Informationen zu speichern, w\u00e4hrend er die Website nutzt. Cookies erm\u00f6glichen es, insbesondere Nutzungsh\u00e4ufigkeit und Nutzeranzahl der Seiten zu ermitteln, Verhaltensweisen der Seitennutzung zu analysieren, aber auch unser Angebot kundenfreundlicher zu gestalten. Cookies bleiben \u00fcber das Ende einer Browser-Sitzung gespeichert und k\u00f6nnen bei einem erneuten Seitenbesuch wieder aufgerufen werden. Wenn Sie das nicht w\u00fcnschen, sollten Sie Ihren Internetbrowser so einstellen, dass er die Annahme von Cookies verweigert.<\/p>\n<p><strong>Datenschutzerkl\u00e4rung f\u00fcr Google Analytics<\/strong><\/p>\n<p>Unsere Website verwendet Google Analytics, einen Webanalysedienst von Google Inc., 1600 Amphitheatre Parkway, Mountain View, CA 94043, USA. Zur Deaktivierung von Google Analytiscs stellt Google unter <a href=\"http:\/\/tools.google.com\/dlpage\/gaoptout?hl=de\">http:\/\/tools.google.com\/dlpage\/gaoptout?hl=de<\/a> ein Browser-Plug-In zur Verf\u00fcgung. Google Analytics verwendet Cookies. Das sind kleine Textdateien, die es m\u00f6glich machen, auf dem Endger\u00e4t des Nutzers spezifische, auf den Nutzer bezogene Informationen zu speichern. Diese erm\u00f6glichen eine Analyse der Nutzung unseres Websitangebotes durch Google. Die durch den Cookie erfassten Informationen \u00fcber die Nutzung unserer Seiten (einschlie\u00dflich Ihrer IP-Adresse) werden in der Regel an einen Server von Google in den USA \u00fcbertragen und dort gespeichert. Wir weisen darauf hin, dass auf dieser Website Google Analytics um den Code \u201egat._anonymizeIp();\u201c erweitert wurde, um eine anonymisierte Erfassung von IP-Adressen (sog. IP-Masking) zu gew\u00e4hrleisten. Ist die Anonymisierung aktiv, k\u00fcrzt Google IP-Adressen innerhalb von Mitgliedstaaten der Europ\u00e4ischen Union oder in anderen Vertragsstaaten des Abkommens \u00fcber den Europ\u00e4ischen Wirtschaftsraum, weswegen keine R\u00fcckschl\u00fcsse auf Ihre Identit\u00e4t m\u00f6glich sind. Nur in Ausnahmef\u00e4llen wird die volle IP-Adresse an einen Server von Google in den USA \u00fcbertragen und dort gek\u00fcrzt. Google beachtet die Datenschutzbestimmungen des \u201eUS-Safe-Harbor\u201c-Abkommens und ist beim \u201eSafe Harbor\u201c-Programm des US-Handelsministeriums registriert und nutzt die gesammelten Informationen, um die Nutzung unserer Websites auszuwerten, Berichte f\u00fcr uns diesbez\u00fcglich zu verfassen und andere diesbez\u00fcgliche Dienstleistungen an uns zu erbringen. Mehr erfahren Sie unter <a href=\"http:\/\/www.google.com\/intl\/de\/analytics\/privacyoverview.html\">http:\/\/www.google.com\/intl\/de\/analytics\/privacyoverview.html<\/a>.<\/p>\n<p><strong>Datenschutzerkl\u00e4rung f\u00fcr Google AdSense<\/strong><\/p>\n<p>Unsere Website benutzt Google AdSense, einen Dienst zum Einbinden von Werbeanzeigen von Google Inc., 1600 Amphitheatre Parkway, Mountain View, CA 94043, USA. GoogleAdSense verwendet sog. &#8222;Cookies&#8220;, Textdateien, die auf Ihrem Computer gespeichert werden und die eine Analyse der Benutzung der Website erm\u00f6glicht. Google AdSense verwendet auch so genannte Web Beacons (unsichtbare Grafiken). Durch diese Web Beacons k\u00f6nnen Informationen wie der Besucherverkehr auf diesen Seiten ausgewertet werden. Die durch Cookies und Web Beacons erzeugten Informationen \u00fcber die Benutzung dieser Website (einschlie\u00dflich Ihrer IP-Adresse) und Auslieferung von Werbeformaten werden an einen Server von Google in den USA \u00fcbertragen und dort gespeichert. Diese Informationen k\u00f6nnen von Google an Vertragspartner von Google weiter gegeben werden. Google wird Ihre IP-Adresse jedoch nicht mit anderen von Ihnen gespeicherten Daten zusammenf\u00fchren. Sie k\u00f6nnen die Installation der Cookies durch eine entsprechende Einstellung Ihrer Browser Software verhindern; wir weisen Sie jedoch darauf hin, dass Sie in diesem Fall gegebenenfalls nicht s\u00e4mtliche Funktionen dieser Website voll umf\u00e4nglich nutzen k\u00f6nnen. Durch die Nutzung dieser Website erkl\u00e4ren Sie sich mit der Bearbeitung der \u00fcber Sie erhobenen Daten durch Google in der zuvor beschriebenen Art und Weise und zu dem zuvor benannten Zweck einverstanden.<\/p>\n<p><strong>Datenschutzerkl\u00e4rung f\u00fcr Google +1<\/strong><\/p>\n<p>Unsere Website verwendet Social-Media-Funktionen von Google Inc., 1600 Amphitheatre Parkway, Mountain View, CA 94043, USA. Bei Aufruf unserer Seiten mit Google-Plug-Ins wird eine Verbindung zwischen Ihrem Browser und den Servern von Google aufgebaut. Dabei werden bereits Daten an Google \u00fcbertragen. Besitzen Sie einen Google-Account, k\u00f6nnen diese Daten damit verkn\u00fcpft werden. Wenn Sie keine Zuordnung dieser Daten zu Ihrem Google-Account w\u00fcnschen, loggen Sie sich bitte vor dem Besuch unserer Seite bei Google aus. Interaktionen, insbesondere das Nutzen einer Kommentarfunktion oder das Anklicken eines \u201e+1\u201c- oder \u201eTeilen\u201c-Buttons werden ebenfalls an Google weitergegeben. Mehr erfahren Sie unter <a href=\"http:\/\/www.google.de\/intl\/de\/policies\/privacy\">http:\/\/www.google.de\/intl\/de\/policies\/privacy<\/a>.<\/p>\n<p><strong>Datenschutzerkl\u00e4rung f\u00fcr Facebook<\/strong><\/p>\n<p>Unsere Website verwendet Funktionen von Facebook Inc., 1601 S. California Ave, Palo Alto, CA 94304, USA . Bei Aufruf unserer Seiten mit Facebook-Plug-Ins wird eine Verbindung zwischen Ihrem Browser und den Servern von Facebook aufgebaut. Dabei werden bereits Daten an Facebook \u00fcbertragen. Besitzen Sie einen Facebook-Account, k\u00f6nnen diese Daten damit verkn\u00fcpft werden. Wenn Sie keine Zuordnung dieser Daten zu Ihrem Facebook-Account w\u00fcnschen, loggen Sie sich bitte vor dem Besuch unserer Seite bei Facebook aus. Interaktionen, insbesondere das Nutzen einer Kommentarfunktion oder das Anklicken eines \u201eLike\u201c- oder \u201eTeilen\u201c-Buttons werden ebenfalls an Facebook weitergegeben. Mehr erfahren Sie unter <a href=\"https:\/\/de-de.facebook.com\/about\/privacy\">https:\/\/de-de.facebook.com\/about\/privacy<\/a>.<\/p>\n<p><strong>Datenschutzerkl\u00e4rung f\u00fcr Twitter<\/strong><\/p>\n<p>Unsere Website verwendet Funktionen von Twitter, Inc., 1355 Market St, Suite 900, San Francisco, CA 94103, USA. Bei Aufruf unserer Seiten mit Twitter-Plug-Ins wird eine Verbindung zwischen Ihrem Browser und den Servern von Twitter aufgebaut. Dabei werden bereits Daten an Twitter \u00fcbertragen. Besitzen Sie einen Twitter-Account, k\u00f6nnen diese Daten damit verkn\u00fcpft werden. Wenn Sie keine Zuordnung dieser Daten zu Ihrem Twitter-Account w\u00fcnschen, loggen Sie sich bitte vor dem Besuch unserer Seite bei Twitter aus. Interaktionen, insbesondere das Anklicken eines \u201eRe-Tweet\u201c-Buttons werden ebenfalls an Twitter weitergegeben. Mehr erfahren Sie unter <a href=\"https:\/\/twitter.com\/privacy\">https:\/\/twitter.com\/privacy<\/a>.<\/p>\n<p>Quelle: <a href=\"https:\/\/www.anwalt.de\/vorlage\/muster-datenschutzerklaerung.php\">Muster-Datenschutzerkl\u00e4rung von anwalt.de<\/a><\/p>\n","protected":false},"excerpt":{"rendered":"<p>Impressum: Christoph B\u00f6hling Arndtstr. 13 53859 Niederkassel Tel.: 0179 &#8211; 22 18 270 Mail: wasser@c-boehling.de Haftungsausschluss \/ Disclaimer &nbsp; Wichtiger Hinweis zum Datenschutz: Ich verwende in meinem Internetauftritt\u00a0 Plugins des Online-Netzwerkportals \u00bbFacebook\u00ab. Betreiber dieses Netzwerkes ist die Facebook Inc.; 1601 S. California Avenue, Palo Alto, CA 94304, USA. Bei den Plugins handelt es sich um [&hellip;]<\/p>\n","protected":false},"author":1,"featured_media":0,"parent":0,"menu_order":0,"comment_status":"closed","ping_status":"closed","template":"","meta":{"jetpack_post_was_ever_published":false,"footnotes":""},"class_list":["post-305","page","type-page","status-publish","hentry"],"aioseo_notices":[],"jetpack_sharing_enabled":true,"_links":{"self":[{"href":"https:\/\/c-boehling.de\/kangenwasser\/wp-json\/wp\/v2\/pages\/305","targetHints":{"allow":["GET"]}}],"collection":[{"href":"https:\/\/c-boehling.de\/kangenwasser\/wp-json\/wp\/v2\/pages"}],"about":[{"href":"https:\/\/c-boehling.de\/kangenwasser\/wp-json\/wp\/v2\/types\/page"}],"author":[{"embeddable":true,"href":"https:\/\/c-boehling.de\/kangenwasser\/wp-json\/wp\/v2\/users\/1"}],"replies":[{"embeddable":true,"href":"https:\/\/c-boehling.de\/kangenwasser\/wp-json\/wp\/v2\/comments?post=305"}],"version-history":[{"count":8,"href":"https:\/\/c-boehling.de\/kangenwasser\/wp-json\/wp\/v2\/pages\/305\/revisions"}],"predecessor-version":[{"id":5228,"href":"https:\/\/c-boehling.de\/kangenwasser\/wp-json\/wp\/v2\/pages\/305\/revisions\/5228"}],"wp:attachment":[{"href":"https:\/\/c-boehling.de\/kangenwasser\/wp-json\/wp\/v2\/media?parent=305"}],"curies":[{"name":"wp","href":"https:\/\/api.w.org\/{rel}","templated":true}]}}