{"id":2,"date":"2009-06-12T16:53:31","date_gmt":"2009-06-12T14:53:31","guid":{"rendered":"http:\/\/c-boehling.de\/kangenwasser\/?page_id=2"},"modified":"2017-08-12T15:47:43","modified_gmt":"2017-08-12T13:47:43","slug":"about","status":"publish","type":"page","link":"https:\/\/c-boehling.de\/kangenwasser\/about\/","title":{"rendered":"Wasser &#8211; unser Lebenselixier"},"content":{"rendered":"<h3>Wir Menschen bestehen zu etwa 3\/4 aus Wasser.<\/h3>\n<p>Bei einem Neugeborenes sind es sogar rund 90 %.<\/p>\n<p>Der Wassergehalt nimmt im Laufe des Lebens allm\u00e4hlich ab, soda\u00df man bei einem Erwachsenen mittleren Alters von ca. 70% (das sind bei einem 65 kg schweren Menschen immerhin 45 l) ausgehen kann.<br \/>\n<strong>Wasser verteilt sich im K\u00f6rper etwa so:<\/strong><\/p>\n<ul>\n<li>Im Blut befinden sich ca. 3 l<\/li>\n<li>In der Fl\u00fcssigkeit zwischen den Zellen und zwischen Gef\u00e4\u00dfen und Zellen finden sich ca. 14 l<\/li>\n<li>ca. 28 l befinden sich in den Zellen<\/li>\n<li>Zwischen den Zellen, dem Gewebe und den Blut- und Lymphgef\u00e4\u00dfen findet ein reger Austausch statt.<br \/>\nTag f\u00fcr Tag Tag werden ca. 80.000 l ausgetauscht! (Das entspricht vier 20-Tonner-Tanklastz\u00fcgen!)<br \/>\nDa Wasser das gr\u00f6\u00dfte L\u00f6sungsmittel ist und viele Stoffe (Mineralien, Proteine, etc) transportiert, macht es also Sinn, ausreichend Wasser zu trinken, um diesen immensen Fl\u00fcssigkeitsbedarf immer wieder auszutauschen und erneuern zu k\u00f6nnen. Dadurch wird der K\u00f6rper dabei unterst\u00fctzt, lebenswichtige Stoffe hinein- und Abfallprodukte hinausbef\u00f6rdern zu k\u00f6nnen.<\/li>\n<\/ul>\n<p>So ist leicht ersichtlich, welch gro\u00dfe Rolle der Wasserqualit\u00e4t zukommt. Nicht umsonst gilt Trinkwasser in unserem Land noch als das best kontrollierte Lebensmittel.<\/p>\n<p>Doch die Trinkwasser Qualit\u00e4t ist nicht \u00fcberall gleich gut, und es wird st\u00e4ndig &#8222;nachgebessert&#8220; &#8211; z. B. an den Grenzwerten f\u00fcr Schadstoffe etc..<\/p>\n<p><strong>Hat das Einflu\u00df auf unsere Gesundheit, und wenn ja, welchen?<\/strong><\/p>\n<p>M\u00fcssen wir zuk\u00fcnftig die Qualit\u00e4t und Reinheit unseres Wassers, das wir t\u00e4glich trinken, kontrollieren und gegebenenfalls nachbessern? Wenn ja, wie?<\/p>\n<p style=\"padding-bottom: 10px; line-height: 18px; font: normal normal normal 12px\/normal 'Trebuchet MS'; margin: 0px 0px 3px 0px;\"><span style=\"color: #312efe;\"><img fetchpriority=\"high\" decoding=\"async\" class=\"alignright size-medium wp-image-27\" title=\"Lorenz1\" src=\"http:\/\/c-boehling.de\/kangenwasser\/wp-content\/uploads\/Lorenz1-293x300.jpg\" alt=\"Lorenz1\" width=\"293\" height=\"300\" srcset=\"https:\/\/c-boehling.de\/kangenwasser\/wp-content\/uploads\/Lorenz1-293x300.jpg 293w, https:\/\/c-boehling.de\/kangenwasser\/wp-content\/uploads\/Lorenz1.jpg 680w\" sizes=\"(max-width: 293px) 100vw, 293px\" \/><br \/>\n<\/span><\/p>\n<p><strong>\u00dcbrigens<\/strong><\/p>\n<p>Es scheint, als ob der Griff zu gesundem Wasser angeboren w\u00e4re.<\/p>\n<p>So erinnere ich, da\u00df ich vor vielen Jahren meinen Hund gebeten habe, f\u00fcr mich einen Wassertest zu machen. Ich stellte ihm also zwei Sch\u00fcsseln mit Wasser vor die Nase.<\/p>\n<p>In einer Sch\u00fcssel war gefiltertes Wasser, die andere enthielt Leitungswasser &#8211; dasselbe, das er sonst auch immer getrunken hatte.<\/p>\n<p>Nat\u00fcrlich hat er mit seiner feinen Nase das gefilterte Wasser gew\u00e4hlt.<\/p>\n<p>Und er ist ziemlich alt geworden &#8230;<\/p>\n","protected":false},"excerpt":{"rendered":"<p>Wir Menschen bestehen zu etwa 3\/4 aus Wasser. Bei einem Neugeborenes sind es sogar rund 90 %. Der Wassergehalt nimmt im Laufe des Lebens allm\u00e4hlich ab, soda\u00df man bei einem Erwachsenen mittleren Alters von ca. 70% (das sind bei einem 65 kg schweren Menschen immerhin 45 l) ausgehen kann. Wasser verteilt sich im K\u00f6rper etwa [&hellip;]<\/p>\n","protected":false},"author":1,"featured_media":0,"parent":0,"menu_order":3,"comment_status":"closed","ping_status":"open","template":"","meta":{"jetpack_post_was_ever_published":false,"footnotes":""},"class_list":["post-2","page","type-page","status-publish","hentry"],"aioseo_notices":[],"jetpack_sharing_enabled":true,"_links":{"self":[{"href":"https:\/\/c-boehling.de\/kangenwasser\/wp-json\/wp\/v2\/pages\/2","targetHints":{"allow":["GET"]}}],"collection":[{"href":"https:\/\/c-boehling.de\/kangenwasser\/wp-json\/wp\/v2\/pages"}],"about":[{"href":"https:\/\/c-boehling.de\/kangenwasser\/wp-json\/wp\/v2\/types\/page"}],"author":[{"embeddable":true,"href":"https:\/\/c-boehling.de\/kangenwasser\/wp-json\/wp\/v2\/users\/1"}],"replies":[{"embeddable":true,"href":"https:\/\/c-boehling.de\/kangenwasser\/wp-json\/wp\/v2\/comments?post=2"}],"version-history":[{"count":13,"href":"https:\/\/c-boehling.de\/kangenwasser\/wp-json\/wp\/v2\/pages\/2\/revisions"}],"predecessor-version":[{"id":5483,"href":"https:\/\/c-boehling.de\/kangenwasser\/wp-json\/wp\/v2\/pages\/2\/revisions\/5483"}],"wp:attachment":[{"href":"https:\/\/c-boehling.de\/kangenwasser\/wp-json\/wp\/v2\/media?parent=2"}],"curies":[{"name":"wp","href":"https:\/\/api.w.org\/{rel}","templated":true}]}}